{"id":3,"date":"2024-03-15T21:29:48","date_gmt":"2024-03-15T20:29:48","guid":{"rendered":"https:\/\/origin-feed.com\/es\/?page_id=3"},"modified":"2024-03-23T10:32:34","modified_gmt":"2024-03-23T09:32:34","slug":"privacy-policy","status":"publish","type":"page","link":"https:\/\/origin-feed.com\/es\/privacy-policy\/","title":{"rendered":"Privacy Policy"},"content":{"rendered":"<div class=\"fusion-fullwidth fullwidth-box fusion-builder-row-1 fusion-flex-container nonhundred-percent-fullwidth non-hundred-percent-height-scrolling\" style=\"--awb-border-radius-top-left:0px;--awb-border-radius-top-right:0px;--awb-border-radius-bottom-right:0px;--awb-border-radius-bottom-left:0px;--awb-flex-wrap:wrap;\" ><div class=\"fusion-builder-row fusion-row fusion-flex-align-items-flex-start fusion-flex-content-wrap\" style=\"max-width:1372.8px;margin-left: calc(-4% \/ 2 );margin-right: calc(-4% \/ 2 );\"><div class=\"fusion-layout-column fusion_builder_column fusion-builder-column-0 fusion_builder_column_1_1 1_1 fusion-flex-column\" style=\"--awb-bg-size:cover;--awb-width-large:100%;--awb-margin-top-large:0px;--awb-spacing-right-large:1.92%;--awb-margin-bottom-large:0px;--awb-spacing-left-large:1.92%;--awb-width-medium:100%;--awb-spacing-right-medium:1.92%;--awb-spacing-left-medium:1.92%;--awb-width-small:100%;--awb-spacing-right-small:1.92%;--awb-spacing-left-small:1.92%;\"><div class=\"fusion-column-wrapper fusion-flex-justify-content-flex-start fusion-content-layout-column\"><div class=\"fusion-text fusion-text-1\"><h2><strong>Privacy Policy<\/strong><\/h2>\n<p>Con el objetivo de cumplir con la legislaci\u00f3n europea sobre protecci\u00f3n de datos personales (GDPR), invitamos al usuario a consultar nuestra <a href=\"https:\/\/www.origin-feed.com\/es\/privacy-policy\/\"><strong>Pol\u00edtica de Privacidad<\/strong><\/a>, nuestra <a href=\"https:\/\/www.origin-feed.com\/es\/cookie-policy\/\"><strong>Cookie Policy<\/strong><\/a>\u00a0y nuestros <a href=\"https:\/\/www.origin-feed.com\/es\/terminos-de-servicio\/\"><strong>T\u00e9rminos de Servicio<\/strong><\/a>. Para comunicar nuestra creencia en la positividad de estos cambios y para aclarar c\u00f3mo recopilamos, almacenamos y gestionamos sus datos personales, queremos enfatizar que pueden contactarnos en cualquier momento, utilizando la direcci\u00f3n de correo electr\u00f3nico proporcionada en los documentos mencionados anteriormente.<\/p>\n<p><strong>Propietario del Sitio Web<\/strong><\/p>\n<p>Origin s.r.l | Oficina Registrada y Producci\u00f3n Via Piana 265, 47032 Bertinoro (FC) \u2013 ITALIA Correo electr\u00f3nico: info@origin-feed.com<\/p>\n<hr \/>\n<h2><strong>I &#8211; INFORMACI\u00d3N SOBRE LA POL\u00cdTICA DE PRIVACIDAD DEL SITIO WEB<\/strong><\/h2>\n<ol>\n<li style=\"list-style-type: none;\">\n<ol>\n<li>Esta secci\u00f3n contiene informaci\u00f3n sobre la gesti\u00f3n de www.origin-feed.com con respecto al procesamiento de datos de los usuarios de www.origin-feed.com.<\/li>\n<li>Esta informaci\u00f3n tambi\u00e9n se aplica de acuerdo con el Art\u00edculo 13 del Reglamento (UE) N\u00ba 2016\/679, sobre protecci\u00f3n de personas f\u00edsicas en lo que respecta al procesamiento de datos personales y la libre circulaci\u00f3n de estos datos, para individuos que interact\u00faan con www.origin-feed.com y es accesible en la direcci\u00f3n correspondiente de la p\u00e1gina de inicio: https:\/\/www.origin-feed.com.<\/li>\n<li>Esta informaci\u00f3n se proporciona \u00fanicamente para www.origin-feed.com y no para ning\u00fan otro sitio web al que pueda acceder el usuario a trav\u00e9s de enlaces contenidos en \u00e9l.<\/li>\n<li>El prop\u00f3sito de este documento es proporcionar orientaci\u00f3n sobre los m\u00e9todos, tiempos y naturaleza de la informaci\u00f3n que los responsables del tratamiento deben proporcionar a los usuarios al conectarse a las p\u00e1ginas web de www.origin-feed.com, independientemente de los prop\u00f3sitos de la conexi\u00f3n en s\u00ed, de acuerdo con la legislaci\u00f3n italiana y europea.<\/li>\n<li>La informaci\u00f3n puede sufrir cambios debido a la introducci\u00f3n de nuevas regulaciones, por lo que se anima a los usuarios a verificar peri\u00f3dicamente esta p\u00e1gina.<\/li>\n<li>Si el usuario tiene menos de 14 a\u00f1os de edad, de acuerdo con el Art\u00edculo 8, p\u00e1rrafo 1 del Reglamento (UE) 2016\/679, y el Art\u00edculo 2 &#8211; Quinquies del Decreto Legislativo 196\/2003, modificado por el Decreto Legislativo 181\/18, debe legitimar su consentimiento a trav\u00e9s de la autorizaci\u00f3n de padres o tutores legales.<\/li>\n<\/ol>\n<h2><strong>II &#8211; PROCESAMIENTO DE DATOS<\/strong><\/h2>\n<p><strong>1 &#8211; Responsable del Tratamiento de Datos<\/strong><\/p>\n<ol>\n<li>II &#8211; PROCESAMIENTO DE DATOS 1 &#8211; Responsable del Tratamiento de Datos<br \/>\nEl responsable del tratamiento es la persona f\u00edsica o jur\u00eddica, autoridad p\u00fablica, servicio u otro organismo que, individualmente o junto con otros, determina los fines y medios del tratamiento de datos personales. Tambi\u00e9n maneja perfiles de seguridad. Con respecto a este sitio web, el responsable del tratamiento de datos es el &#8220;Propietario del Sitio Web&#8221;.<\/li>\n<\/ol>\n<p><strong>2 &#8211; Encargado del Tratamiento de Datos<\/strong><\/p>\n<ol>\n<li>El encargado del tratamiento es la persona f\u00edsica o jur\u00eddica, autoridad p\u00fablica, servicio u otro organismo que trata datos personales en nombre del responsable del tratamiento. De conformidad con el Art\u00edculo 28 del Reglamento (UE) N\u00ba 2016\/679, previa designaci\u00f3n por parte del responsable del tratamiento, el encargado del tratamiento para el sitio web www.origin-feed.com es el &#8220;Propietario del Sitio Web&#8221;.<\/li>\n<\/ol>\n<p><strong>3 &#8211; Ubicaci\u00f3n del Tratamiento de Datos<\/strong><\/p>\n<ol>\n<li>El tratamiento de datos generado por el uso de www.origin-feed.com tiene lugar en la sede del &#8220;Propietario del Sitio Web&#8221;. Los datos t\u00e9cnicos, archivos de registro, direcciones IP u otros datos relacionados con este sitio web tambi\u00e9n se procesan en el centro de datos del proveedor de alojamiento web. El proveedor de alojamiento web es responsable del procesamiento, manejo de datos en nombre del responsable del tratamiento. En este caso espec\u00edfico, el proveedor de alojamiento web es ARUBA, ubicado en el \u00c1rea Econ\u00f3mica Europea y opera de acuerdo con las regulaciones europeas (Pol\u00edtica de Privacidad del Proveedor de Alojamiento Web). Si es necesario, los datos relacionados con cualquier servicio de bolet\u00edn informativo tambi\u00e9n pueden ser procesados por el encargado del tratamiento o partes autorizadas por \u00e9l en la ubicaci\u00f3n respectiva.<\/li>\n<\/ol>\n<p><strong>4 &#8211; Transferencia de Datos Personales a Terceros Pa\u00edses<\/strong><\/p>\n<ol>\n<li>El responsable del tratamiento no tiene la intenci\u00f3n de transferir sus datos personales a terceros pa\u00edses. Si los datos se transfieren fuera del Espacio Econ\u00f3mico Europeo, se har\u00e1 en base a una Decisi\u00f3n de Adecuaci\u00f3n o en cumplimiento de las Cl\u00e1usulas Contractuales Est\u00e1ndar aprobadas por la Comisi\u00f3n Europea. El responsable del tratamiento siempre est\u00e1 disponible para proporcionar m\u00e1s informaci\u00f3n sobre cualquier procesamiento que implique transferencias fuera del Espacio Econ\u00f3mico Europeo.<\/li>\n<\/ol>\n<p><strong>5 &#8211; Procesos de Toma de Decisiones Automatizados<\/strong><\/p>\n<ol>\n<li>El responsable del tratamiento no utiliza procesos de toma de decisiones automatizados o procesos de perfilado a los que se refiere el Art\u00edculo 22, p\u00e1rrafos 1 y 4, del Reglamento Europeo.<\/li>\n<\/ol>\n<h2><strong>III COOKIES<\/strong><\/h2>\n<p>Para una comprensi\u00f3n m\u00e1s profunda de la gesti\u00f3n de cookies, como parte integral de esta Pol\u00edtica de Privacidad, invitamos a los usuarios a consultar la siguiente p\u00e1gina: <a href=\"https:\/\/www.origin-feed.com\/cookie-policy\/\">\u00a0https:\/\/www.origin-feed.com\/cookie-policy\/<\/a><\/p>\n<h2><strong>IV &#8211; DATOS PROCESADOS<\/strong><\/h2>\n<p><strong>1 &#8211; M\u00e9todos de Procesamiento de Datos<\/strong><\/p>\n<ol>\n<li><span style=\"font-weight: 400;\">Como todos los sitios web, este sitio tambi\u00e9n utiliza archivos de registro en los que se almacena informaci\u00f3n recopilada autom\u00e1ticamente durante las visitas de los usuarios. La informaci\u00f3n recopilada puede incluir: Direcci\u00f3n de Protocolo de Internet (IP); Tipo de navegador y par\u00e1metros del dispositivo utilizados para conectarse al sitio; Nombre del Proveedor de Servicios de Internet (ISP); Fecha y hora de la visita; P\u00e1ginas web de referencia y salida; Posiblemente el n\u00famero de clics. La informaci\u00f3n anterior se procesa autom\u00e1ticamente y se recopila exclusivamente de forma agregada para verificar el correcto funcionamiento del sitio y por razones de seguridad. Esta informaci\u00f3n se procesar\u00e1 en funci\u00f3n de los intereses leg\u00edtimos del responsable del tratamiento. Con fines de seguridad (filtros antispam, firewalls, detecci\u00f3n de virus), los datos registrados autom\u00e1ticamente tambi\u00e9n pueden incluir datos personales como direcciones IP, que podr\u00edan usarse, de acuerdo con las leyes aplicables, para bloquear intentos de da\u00f1ar el propio sitio o causar da\u00f1o a otros usuarios, o cualquier otra actividad da\u00f1ina o ilegal. Estos datos nunca se utilizan para identificar o perfilar a los usuarios, sino solo para la protecci\u00f3n del sitio y sus usuarios, y se procesar\u00e1n en funci\u00f3n de los intereses leg\u00edtimos del responsable del tratamiento. Si el sitio permite la inserci\u00f3n de texto a trav\u00e9s de formularios dedicados (por ejemplo, a trav\u00e9s del Formulario de Contacto, que incluye el env\u00edo de Nombre, Apellido, Correo Electr\u00f3nico, Tel\u00e9fono), dichos datos son proporcionados voluntariamente por el usuario en el momento de la solicitud de contacto. Al ingresar esta informaci\u00f3n, el usuario acepta expresamente la pol\u00edtica de privacidad. Los datos recibidos se utilizar\u00e1n exclusivamente con fines de contacto y\/o prestaci\u00f3n del servicio solicitado. La informaci\u00f3n que los usuarios del sitio pueden optar por hacer p\u00fablica a trav\u00e9s de los servicios y herramientas puestos a su disposici\u00f3n es proporcionada por el usuario de manera consciente y voluntaria, eximiendo a este sitio de cualquier responsabilidad con respecto a cualquier violaci\u00f3n de leyes. Es responsabilidad del usuario verificar que tenga permiso para ingresar datos personales de terceros o contenido protegido por regulaciones nacionales e internacionales.<\/span><\/li>\n<\/ol>\n<p><strong>2 &#8211; Prop\u00f3sitos del Procesamiento de Datos y Base Legal<\/strong><\/p>\n<ol>\n<li><span style=\"font-weight: 400;\">Los datos recopilados por el sitio durante su funcionamiento se utilizan \u00fanicamente para los fines indicados anteriormente y se conservan por el tiempo estrictamente necesario para llevar a cabo las actividades especificadas, y en cualquier caso no m\u00e1s all\u00e1 de los plazos legalmente permitidos. Los datos utilizados con fines de seguridad (bloqueo de intentos de da\u00f1ar el sitio) se conservan por el tiempo estrictamente necesario para lograr el prop\u00f3sito establecido. La base legal para este procesamiento, de acuerdo con las disposiciones nacionales y europeas, ser\u00e1 por lo tanto su consentimiento para el procesamiento, el inter\u00e9s leg\u00edtimo del responsable del tratamiento, el cumplimiento de medidas contractuales y\/o precontractuales, el env\u00edo de informaci\u00f3n relacionada con solicitudes de servicios proporcionados y\/o potencialmente entregables. Los datos personales pueden ser procesados utilizando tanto herramientas inform\u00e1ticas como en papel.<\/span><\/li>\n<\/ol>\n<p><strong>3 &#8211; Datos Proporcionados por el Usuario<\/strong><\/p>\n<ol>\n<li><span style=\"font-weight: 400;\">Como se mencion\u00f3 anteriormente, el env\u00edo opcional, expl\u00edcito y voluntario de correo electr\u00f3nico a las direcciones indicadas en este sitio implica la adquisici\u00f3n posterior de la direcci\u00f3n del remitente, necesaria para responder a las solicitudes, as\u00ed como cualquier otro dato personal incluido en la comunicaci\u00f3n. Cualquier informaci\u00f3n resumida espec\u00edfica se informar\u00e1 o mostrar\u00e1 progresivamente en las p\u00e1ginas del sitio preparadas para servicios particulares a solicitud. Espec\u00edficamente, en el formulario de la p\u00e1gina de Contactos, se solicita Nombre, Apellido, Direcci\u00f3n de Correo Electr\u00f3nico y N\u00famero de Tel\u00e9fono con el fin de contactar al usuario para responder a la solicitud enviada y\/o proporcionar un servicio.<\/span><\/li>\n<\/ol>\n<h2><strong>V &#8211; DERECHOS DEL USUARIO<\/strong><\/h2>\n<ol>\n<li><span style=\"font-weight: 400;\">El Art\u00edculo 13, p\u00e1rrafo 2 del Reglamento (UE) 2016\/679 enumera los derechos del usuario. Por lo tanto, el sitio web <\/span><a href=\"http:\/\/www.origin-feed.com\/\"><span style=\"font-weight: 400;\">www.origin-feed.com<\/span><\/a><span style=\"font-weight: 400;\"> tiene la intenci\u00f3n de informar al usuario sobre los derechos del usuario, bas\u00e1ndose en los siguientes art\u00edculos del Reglamento (UE) 2016\/679: a) En virtud del Art\u00edculo 15, el derecho del interesado a solicitar al responsable del tratamiento el acceso a los datos personales, en virtud del Art\u00edculo 16 el derecho a rectificar los datos proporcionados, en virtud del Art\u00edculo 18 el derecho a integrar o restringir el tratamiento relacionado con ellos, o a oponerse, por motivos leg\u00edtimos, a su tratamiento bajo el Art\u00edculo 21, adem\u00e1s del derecho a la portabilidad de los datos en virtud del Art\u00edculo 20 del Reglamento (UE); b) el derecho a solicitar la supresi\u00f3n en virtud del Art\u00edculo 17, la anonimizaci\u00f3n o el bloqueo de los datos tratados de manera ilegal, incluidos los datos para los cuales la retenci\u00f3n sea innecesaria en relaci\u00f3n con los fines para los cuales se recopilaron o posteriormente se procesaron. c) el derecho a obtener confirmaci\u00f3n de que las actualizaciones, rectificaciones, integraciones de datos, supresiones, bloqueos de datos, transformaciones se hayan comunicado, tambi\u00e9n con respecto a su contenido, a aquellos a quienes se hayan comunicado o divulgado los datos, excepto cuando esto resulte imposible o implique un esfuerzo manifiestamente desproporcionado en comparaci\u00f3n con el derecho protegido. Las solicitudes pueden dirigirse al responsable del tratamiento, sin formalidad o, alternativamente, utilizando el modelo proporcionado por el Garante de la Protecci\u00f3n de Datos Personales, o enviando un correo electr\u00f3nico al Propietario del Sitio Web. Si el procesamiento se basa en el Art\u00edculo 6, p\u00e1rrafo 1, letra a) \u2013 consentimiento expreso para usar \u2013 o el Art\u00edculo 9, p\u00e1rrafo 2, letra a) \u2013 consentimiento expreso para usar datos gen\u00e9ticos, biom\u00e9tricos, relacionados con la salud, que revelen creencias religiosas o filos\u00f3ficas o afiliaci\u00f3n sindical, que revelen el origen racial o \u00e9tnico, opiniones pol\u00edticas \u2013 el usuario tiene derecho a retirar su consentimiento en cualquier momento sin afectar la legalidad del procesamiento basado en el consentimiento dado antes de la retirada. Del mismo modo, en caso de incumplimiento de las regulaciones, el usuario tiene derecho a presentar una queja ante el Garante de la Protecci\u00f3n de Datos Personales, como la autoridad responsable de supervisar el procesamiento de datos en el Estado italiano. Para un examen m\u00e1s detallado de los derechos a los que tiene derecho, consulte los Art\u00edculos 15-22 del Reglamento (UE) 2016\/679.<\/span><\/li>\n<\/ol>\n<h2><strong>VI. SEGURIDAD DE LOS DATOS PROPORCIONADOS<\/strong><\/h2>\n<ol>\n<li><span style=\"font-weight: 400;\">Este sitio procesa datos de usuario de manera legal y correcta, adoptando medidas de seguridad adecuadas para prevenir el acceso no autorizado, la divulgaci\u00f3n, la alteraci\u00f3n o la destrucci\u00f3n no autorizada de datos. El procesamiento se lleva a cabo utilizando herramientas inform\u00e1ticas y\/o telem\u00e1ticas, con m\u00e9todos y l\u00f3gicas organizativas estrictamente relacionados con los fines indicados. Adem\u00e1s del responsable del tratamiento, en algunos casos, ciertas categor\u00edas de encargados del tratamiento involucrados en la organizaci\u00f3n del sitio (administrativos, comerciales, de marketing, legales, administradores de sistemas) o sujetos externos (como proveedores de servicios t\u00e9cnicos de terceros, correos postales, proveedores de alojamiento, empresas de TI, agencias de comunicaci\u00f3n) pueden tener acceso a los datos. El responsable del tratamiento siempre est\u00e1 disponible para proporcionar m\u00e1s informaci\u00f3n sobre cualquier procesamiento que involucre a otras partes.<\/span><\/li>\n<\/ol>\n<h2><strong>VII. CAMBIOS EN ESTE DOCUMENTO<\/strong><\/h2>\n<ol>\n<li><span style=\"font-weight: 400;\">Este documento, que constituye la pol\u00edtica de privacidad de este sitio, se publica en la siguiente direcci\u00f3n: <\/span><a href=\"https:\/\/www.origin-feed.com\/privacy-policy\/\"><span style=\"font-weight: 400;\">https:\/\/www.origin-feed.com\/es\/privacy-policy\/<\/span><\/a><span style=\"font-weight: 400;\"> Puede estar sujeto a cambios o actualizaciones. Se anima a los usuarios a verificar peri\u00f3dicamente esta p\u00e1gina para mantenerse informados sobre las \u00faltimas actualizaciones legislativas. Documento actualizado el 31\/1\/2024<\/span><\/li>\n<\/ol>\n<\/li>\n<\/ol>\n<\/div><div class=\"fusion-text fusion-text-2\"><p>Documento aggiornato al 31\/1\/2024<\/p>\n<\/div><\/div><\/div><\/div><\/div>\n","protected":false},"excerpt":{"rendered":"","protected":false},"author":1,"featured_media":0,"parent":0,"menu_order":101,"comment_status":"closed","ping_status":"open","template":"","meta":{"footnotes":""},"class_list":["post-3","page","type-page","status-publish","hentry"],"_links":{"self":[{"href":"https:\/\/origin-feed.com\/es\/wp-json\/wp\/v2\/pages\/3","targetHints":{"allow":["GET"]}}],"collection":[{"href":"https:\/\/origin-feed.com\/es\/wp-json\/wp\/v2\/pages"}],"about":[{"href":"https:\/\/origin-feed.com\/es\/wp-json\/wp\/v2\/types\/page"}],"author":[{"embeddable":true,"href":"https:\/\/origin-feed.com\/es\/wp-json\/wp\/v2\/users\/1"}],"replies":[{"embeddable":true,"href":"https:\/\/origin-feed.com\/es\/wp-json\/wp\/v2\/comments?post=3"}],"version-history":[{"count":5,"href":"https:\/\/origin-feed.com\/es\/wp-json\/wp\/v2\/pages\/3\/revisions"}],"predecessor-version":[{"id":3417,"href":"https:\/\/origin-feed.com\/es\/wp-json\/wp\/v2\/pages\/3\/revisions\/3417"}],"wp:attachment":[{"href":"https:\/\/origin-feed.com\/es\/wp-json\/wp\/v2\/media?parent=3"}],"curies":[{"name":"wp","href":"https:\/\/api.w.org\/{rel}","templated":true}]}}