{"id":3319,"date":"2024-03-15T21:58:10","date_gmt":"2024-03-15T20:58:10","guid":{"rendered":"https:\/\/origin-feed.com\/es\/?page_id=3319"},"modified":"2024-03-23T10:45:57","modified_gmt":"2024-03-23T09:45:57","slug":"cookie-policy","status":"publish","type":"page","link":"https:\/\/origin-feed.com\/es\/cookie-policy\/","title":{"rendered":"Cookie Policy"},"content":{"rendered":"<p><div class=\"fusion-fullwidth fullwidth-box fusion-builder-row-1 fusion-flex-container nonhundred-percent-fullwidth non-hundred-percent-height-scrolling\" style=\"--awb-border-radius-top-left:0px;--awb-border-radius-top-right:0px;--awb-border-radius-bottom-right:0px;--awb-border-radius-bottom-left:0px;--awb-flex-wrap:wrap;\" ><div class=\"fusion-builder-row fusion-row fusion-flex-align-items-flex-start fusion-flex-content-wrap\" style=\"max-width:1372.8px;margin-left: calc(-4% \/ 2 );margin-right: calc(-4% \/ 2 );\"><div class=\"fusion-layout-column fusion_builder_column fusion-builder-column-0 fusion_builder_column_1_1 1_1 fusion-flex-column\" style=\"--awb-bg-size:cover;--awb-width-large:100%;--awb-margin-top-large:0px;--awb-spacing-right-large:1.92%;--awb-margin-bottom-large:20px;--awb-spacing-left-large:1.92%;--awb-width-medium:100%;--awb-order-medium:0;--awb-spacing-right-medium:1.92%;--awb-spacing-left-medium:1.92%;--awb-width-small:100%;--awb-order-small:0;--awb-spacing-right-small:1.92%;--awb-spacing-left-small:1.92%;\"><div class=\"fusion-column-wrapper fusion-column-has-shadow fusion-flex-justify-content-flex-start fusion-content-layout-column\"><div class=\"fusion-text fusion-text-1\"><h2><strong>Cookie Policy<\/strong><\/h2>\n<p>Con el objetivo de cumplir con la legislaci\u00f3n europea sobre protecci\u00f3n de datos personales (GDPR), invitamos al usuario a consultar nuestra <a href=\"https:\/\/www.origin-feed.com\/es\/privacy-policy\/\"><strong>Pol\u00edtica de Privacidad<\/strong><\/a>, nuestra <a href=\"https:\/\/www.origin-feed.com\/es\/cookie-policy\/\"><strong>Cookie Policy<\/strong><\/a>\u00a0y nuestros <a href=\"https:\/\/www.origin-feed.com\/es\/terminos-de-servicio\/\"><strong>T\u00e9rminos de Servicio<\/strong><\/a>. Para comunicar nuestra creencia en la positividad de estos cambios y para aclarar c\u00f3mo recopilamos, almacenamos y gestionamos sus datos personales, queremos enfatizar que pueden contactarnos en cualquier momento, utilizando la direcci\u00f3n de correo electr\u00f3nico proporcionada en los documentos mencionados anteriormente.<\/p>\n<h2><strong>Propietario del Sitio Web<\/strong><\/h2>\n<p>Origin s.r.l | Oficina Registrada y Producci\u00f3n Via Piana 265, 47032 Bertinoro (FC) \u2013 ITALIA Correo electr\u00f3nico: info@origin-feed.com<\/p>\n<h2><strong>Derechos del Sujeto de Datos<\/strong><\/h2>\n<p>De acuerdo con el art. 7 del C\u00f3digo de Privacidad, en cualquier momento, el sujeto de datos tiene derecho a obtener confirmaci\u00f3n de la existencia o no de datos que le conciernen y a conocer su contenido y origen, verificar su exactitud o solicitar su integraci\u00f3n o actualizaci\u00f3n, o correcci\u00f3n. Tambi\u00e9n tienen derecho a solicitar la cancelaci\u00f3n, transformaci\u00f3n en forma an\u00f3nima o bloqueo de datos procesados en violaci\u00f3n de la ley, as\u00ed como oponerse, por motivos leg\u00edtimos, al procesamiento de datos que les conciernen. Las solicitudes deben dirigirse al Propietario del Sitio Web. De acuerdo con el Reglamento Europeo de la UE n.\u00ba 679\/2016, puede ejercer los derechos previstos en las disposiciones del Reglamento Europeo sobre protecci\u00f3n de datos personales n.\u00ba 679\/2016 enviando una comunicaci\u00f3n escrita al Propietario del Sitio Web.<\/p>\n<h2><strong>\u00bfQu\u00e9 Son las Cookies?<\/strong><\/h2>\n<p>Las cookies son peque\u00f1os archivos de texto que los sitios web visitados por los usuarios env\u00edan a sus terminales, donde se almacenan para ser retransmitidos a los mismos sitios en visitas posteriores. Las cookies se utilizan con diversos fines, tienen diferentes caracter\u00edsticas y pueden ser utilizadas tanto por el propietario del sitio visitado (cookies de primera parte) como por terceros (cookies de terceros).<\/p>\n<p>A continuaci\u00f3n, encontrar\u00e1 toda la informaci\u00f3n sobre las cookies instaladas a trav\u00e9s de este sitio, y las indicaciones necesarias sobre c\u00f3mo gestionar sus preferencias con respecto a ellas. En el caso de cookies gestionadas por terceros, tambi\u00e9n encontrar\u00e1 indicaciones espec\u00edficas y el enlace a la pol\u00edtica de privacidad relevante o p\u00e1ginas de referencia.<\/p>\n<\/div><div class=\"fusion-text fusion-text-2\"><h2><strong>Cookies Utilizadas Por Este Sitio<\/strong><\/h2>\n<p>El uso de cookies por parte del Propietario de este sitio se rige por su Pol\u00edtica de Privacidad; para toda la informaci\u00f3n requerida por el art. 13 del C\u00f3digo de Privacidad haga clic aqu\u00ed. Las cookies espec\u00edficas utilizadas por el sitio se enumeran en los siguientes puntos. Todas las cookies que no sean t\u00e9cnicas se instalan solo despu\u00e9s del consentimiento expreso del usuario. (En el caso de que est\u00e9n presentes cookies no t\u00e9cnicas, como cookies de perfilado, el consentimiento se puede expresar de manera general, interactuando con el banner de informaci\u00f3n breve presente en la p\u00e1gina de inicio del sitio, seg\u00fan los m\u00e9todos indicados en dicho banner. Esta interacci\u00f3n se rastrea durante las visitas posteriores. Sin embargo, el usuario siempre tiene la posibilidad de revocar, en su totalidad o en parte, cualquier consentimiento ya otorgado).<\/p>\n<h3><strong>&#8211; Cookies T\u00e9cnicas y Estad\u00edsticas Agregadas<\/strong><\/h3>\n<p>Este sitio utiliza cookies t\u00e9cnicas relacionadas con actividades estrictamente necesarias para el funcionamiento del sitio y para estad\u00edsticas agregadas (por lo tanto, asimiladas a cookies t\u00e9cnicas). Para estos tipos de cookies, no se requiere el consentimiento expl\u00edcito del usuario.<\/p>\n<h3><strong>&#8211; Otros Tipos de Cookies de Primera Parte o Terceros<\/strong><\/h3>\n<p>Este sitio actualmente no utiliza cookies de perfilado o de terceros. Solo con fines informativos, le informamos que para la mayor\u00eda de las cookies gestionadas por terceros, se pueden establecer preferencias a trav\u00e9s del sitio <a href=\"http:\/\/www.youronlinechoices.com\/it\/le-tue-scelte\" target=\"_blank\" rel=\"noopener\">www.youronlinechoices.com\/<\/a> (el sistema opera en referencia a empresas participantes en publicidad conductual).<\/p>\n<\/div><\/div><\/div><\/div><\/div><div class=\"fusion-fullwidth fullwidth-box fusion-builder-row-2 fusion-flex-container nonhundred-percent-fullwidth non-hundred-percent-height-scrolling\" style=\"--awb-border-radius-top-left:0px;--awb-border-radius-top-right:0px;--awb-border-radius-bottom-right:0px;--awb-border-radius-bottom-left:0px;--awb-flex-wrap:wrap;\" ><div class=\"fusion-builder-row fusion-row fusion-flex-align-items-flex-start fusion-flex-content-wrap\" style=\"max-width:1372.8px;margin-left: calc(-4% \/ 2 );margin-right: calc(-4% \/ 2 );\"><div class=\"fusion-layout-column fusion_builder_column fusion-builder-column-1 fusion_builder_column_1_1 1_1 fusion-flex-column\" style=\"--awb-bg-size:cover;--awb-width-large:100%;--awb-margin-top-large:0px;--awb-spacing-right-large:1.92%;--awb-margin-bottom-large:20px;--awb-spacing-left-large:1.92%;--awb-width-medium:100%;--awb-order-medium:0;--awb-spacing-right-medium:1.92%;--awb-spacing-left-medium:1.92%;--awb-width-small:100%;--awb-order-small:0;--awb-spacing-right-small:1.92%;--awb-spacing-left-small:1.92%;\"><div class=\"fusion-column-wrapper fusion-column-has-shadow fusion-flex-justify-content-flex-start fusion-content-layout-column\"><div class=\"fusion-text fusion-text-3\"><h2><strong>Tabla de Cookies<\/strong><\/h2>\n<\/div><div class=\"fusion-text fusion-text-4\"><\/div><\/div><\/div><\/div><\/div><div class=\"fusion-fullwidth fullwidth-box fusion-builder-row-3 fusion-flex-container nonhundred-percent-fullwidth non-hundred-percent-height-scrolling\" style=\"--awb-border-radius-top-left:0px;--awb-border-radius-top-right:0px;--awb-border-radius-bottom-right:0px;--awb-border-radius-bottom-left:0px;--awb-flex-wrap:wrap;\" ><div class=\"fusion-builder-row fusion-row fusion-flex-align-items-flex-start fusion-flex-content-wrap\" style=\"max-width:1372.8px;margin-left: calc(-4% \/ 2 );margin-right: calc(-4% \/ 2 );\"><div class=\"fusion-layout-column fusion_builder_column fusion-builder-column-2 fusion_builder_column_1_1 1_1 fusion-flex-column\" style=\"--awb-bg-size:cover;--awb-width-large:100%;--awb-margin-top-large:0px;--awb-spacing-right-large:1.92%;--awb-margin-bottom-large:20px;--awb-spacing-left-large:1.92%;--awb-width-medium:100%;--awb-order-medium:0;--awb-spacing-right-medium:1.92%;--awb-spacing-left-medium:1.92%;--awb-width-small:100%;--awb-order-small:0;--awb-spacing-right-small:1.92%;--awb-spacing-left-small:1.92%;\"><div class=\"fusion-column-wrapper fusion-column-has-shadow fusion-flex-justify-content-flex-start fusion-content-layout-column\"><div class=\"fusion-text fusion-text-5\"><p><strong>\u00bfC\u00f3mo Gestionar y Eliminar Cookies del Navegador? <\/strong>Normalmente, es posible cambiar la configuraci\u00f3n del navegador para rechazar cookies, eliminar las existentes o simplemente ser informado cuando se env\u00eda una nueva cookie a su dispositivo. Al rechazar o deshabilitar cookies, es posible que se pierdan algunas funciones del sitio web. Si se utilizan diferentes dispositivos para ver y acceder al sitio web, como computadoras, tel\u00e9fonos inteligentes, tabletas, etc., es recomendable asegurarse de que cada navegador en cada dispositivo est\u00e9 configurado seg\u00fan sus preferencias con respecto a las cookies. Puede encontrar informaci\u00f3n sobre c\u00f3mo hacer esto en <a href=\"https:\/\/cookiepedia.co.uk\/how-to-manage-cookies\">https:\/\/cookiepedia.co.uk\/how-to-manage-cookies<\/a> .Adem\u00e1s, la informaci\u00f3n sobre c\u00f3mo gestionar cookies en algunos de los navegadores m\u00e1s populares se puede encontrar en las siguientes direcciones:<\/p>\n<ul>\n<li><a href=\"https:\/\/support.google.com\/chrome\/answer\/95647?hl=it&amp;p=cpn_cookies\" target=\"_blank\" rel=\"noopener nofollow\">Google Chrome<\/a><\/li>\n<li><a href=\"https:\/\/support.mozilla.org\/it\/kb\/Attivare%20e%20disattivare%20i%20cookie\" target=\"_blank\" rel=\"noopener nofollow\">Mozilla Firefox<\/a><\/li>\n<li><a href=\"https:\/\/support.apple.com\/it-it\/guide\/safari\/manage-cookies-and-website-data-sfri11471\/\" target=\"_blank\" rel=\"noopener nofollow\">Apple Safari<\/a><\/li>\n<li><a href=\"http:\/\/windows.microsoft.com\/it-it\/windows-vista\/block-or-allow-cookies\" target=\"_blank\" rel=\"noopener nofollow\">Microsoft Internet Explorer<\/a><\/li>\n<li><a href=\"https:\/\/support.microsoft.com\/it-it\/help\/4027947\" target=\"_blank\" rel=\"noopener nofollow\">Microsoft Edge<\/a><\/li>\n<li><a href=\"https:\/\/support.brave.com\/hc\/articles\/360022806212-How-do-I-use-Shields-while-browsing\" target=\"_blank\" rel=\"noopener nofollow\">Brave<\/a><\/li>\n<li><a href=\"https:\/\/help.opera.com\/latest\/web-preferences\/#cookies\" target=\"_blank\" rel=\"noopener nofollow\">Opera<\/a><\/li>\n<\/ul>\n<p><strong>M\u00e1s Informaci\u00f3n sobre Gesti\u00f3n de Consentimiento<br \/>\n<\/strong>Se informa a los usuarios del \u00fatil servicio disponible en: <a href=\"http:\/\/www.youronlinechoices.eu\/\" target=\"_blank\" rel=\"noopener nofollow\">YourOnlineChoices<\/a> (EU).<\/p>\n<\/div><\/div><\/div><\/div><\/div><div class=\"fusion-fullwidth fullwidth-box fusion-builder-row-4 fusion-flex-container nonhundred-percent-fullwidth non-hundred-percent-height-scrolling\" style=\"--awb-border-radius-top-left:0px;--awb-border-radius-top-right:0px;--awb-border-radius-bottom-right:0px;--awb-border-radius-bottom-left:0px;--awb-flex-wrap:wrap;\" ><div class=\"fusion-builder-row fusion-row fusion-flex-align-items-flex-start fusion-flex-content-wrap\" style=\"max-width:1372.8px;margin-left: calc(-4% \/ 2 );margin-right: calc(-4% \/ 2 );\"><div class=\"fusion-layout-column fusion_builder_column fusion-builder-column-3 fusion_builder_column_1_1 1_1 fusion-flex-column\" style=\"--awb-bg-size:cover;--awb-width-large:100%;--awb-margin-top-large:0px;--awb-spacing-right-large:1.92%;--awb-margin-bottom-large:20px;--awb-spacing-left-large:1.92%;--awb-width-medium:100%;--awb-order-medium:0;--awb-spacing-right-medium:1.92%;--awb-spacing-left-medium:1.92%;--awb-width-small:100%;--awb-order-small:0;--awb-spacing-right-small:1.92%;--awb-spacing-left-small:1.92%;\"><div class=\"fusion-column-wrapper fusion-column-has-shadow fusion-flex-justify-content-flex-start fusion-content-layout-column\"><div class=\"fusion-text fusion-text-6\"><p><strong>INFORMATIVA BREVE<\/strong>Este sitio utiliza &#8220;cookies t\u00e9cnicas&#8221; con el fin de ofrecer una mejor experiencia de navegaci\u00f3n. No se utilizan &#8220;cookies de perfilado&#8221;. Puede obtener m\u00e1s detalles e indicaciones con respecto a las cookies utilizadas por este sitio al ver la <a href=\"https:\/\/www.origin-feed.com\/es\/cookie-policy\">Pol\u00edtica de Cookies extendida<\/a>. Para el procesamiento de datos personales de conformidad con las disposiciones del GDPR, lo invitamos a ver la <a href=\"https:\/\/www.origin-feed.com\/es\/privacy-policy\">Pol\u00edtica de Privacidad<\/a> dedicada.He le\u00eddo y contin\u00fao navegando.<\/p>\n<\/div><\/div><\/div><\/div><\/div><\/p>\n<table border=\"1\" width=\"100%\" cellpadding=\"5px\">\n<tbody>\n<tr>\n<td>Nombre<\/td>\n<td>Proveedor<\/td>\n<td>Fuente<\/td>\n<td>Prop\u00f3sito<\/td>\n<td>Vencimiento<\/td>\n<td>Duraci\u00f3n<\/td>\n<td>Categor\u00eda<\/td>\n<\/tr>\n<tr>\n<td>cookie_notice_accepted<\/td>\n<td>Barra de privacidad<\/td>\n<td>Primera parte<\/td>\n<td>Almacena el consentimiento del usuario otorgado en la barra de Cookies.<\/td>\n<td>1 mes<\/td>\n<td>Persistente<\/td>\n<td>Cookies t\u00e9cnicas<\/td>\n<\/tr>\n<tr>\n<td>wordpress_test_cookie<\/td>\n<td>WordPress<\/td>\n<td>Primera parte<\/td>\n<td>Comprueba que tu navegador acepta cookies.<\/td>\n<td>Sesi\u00f3n<\/td>\n<td>Sesi\u00f3n<\/td>\n<td>Cookies t\u00e9cnicas<\/td>\n<\/tr>\n<tr>\n<td>wordpress_sec_[*]<\/td>\n<td>WordPress<\/td>\n<td>Primera parte<\/td>\n<td>\u00datil para proporcionar protecci\u00f3n y seguridad a la sesi\u00f3n.<\/td>\n<td>Sesi\u00f3n<\/td>\n<td>Sesi\u00f3n<\/td>\n<td>Cookies t\u00e9cnicas<\/td>\n<\/tr>\n<tr>\n<td>wordpress_logged_in_{hash}<\/td>\n<td>WordPress<\/td>\n<td>Primera parte<\/td>\n<td>Recordar sesi\u00f3n de usuario.<\/td>\n<td>Sesi\u00f3n<\/td>\n<td>Sesi\u00f3n<\/td>\n<td>Cookies t\u00e9cnicas<\/td>\n<\/tr>\n<tr>\n<td>wp-settings-time-{usuario}<\/td>\n<td>WordPress<\/td>\n<td>Primera parte<\/td>\n<td>Hora en que se configur\u00f3 wp-settings-{user}.<\/td>\n<td>1 a\u00f1o<\/td>\n<td>Persistente<\/td>\n<td>Cookies t\u00e9cnicas<\/td>\n<\/tr>\n<tr>\n<td>wp-settings-{usuario}<\/td>\n<td>WordPress<\/td>\n<td>Primera parte<\/td>\n<td>Se utiliza para preservar la configuraci\u00f3n de usuario de wp-admin.<\/td>\n<td>1 a\u00f1o<\/td>\n<td>Persistente<\/td>\n<td>Cookies t\u00e9cnicas<\/td>\n<\/tr>\n<tr>\n<td>fusionredux_current_tab<\/td>\n<td>Tema Fusi\u00f3n<\/td>\n<td>Primera parte<\/td>\n<td>Utilizado por el tema Avada para gestionar aspectos funcionales del sitio.<\/td>\n<td>1 semana<\/td>\n<td>Persistente<\/td>\n<td>Cookies t\u00e9cnicas<\/td>\n<\/tr>\n<tr>\n<td>fusion_metabox_tab_[*]<\/td>\n<td>Tema Fusi\u00f3n<\/td>\n<td>Primera parte<\/td>\n<td>Utilizado por el tema Avada para gestionar aspectos funcionales del sitio.<\/td>\n<td>Sesi\u00f3n<\/td>\n<td>Sesi\u00f3n<\/td>\n<td>Cookies t\u00e9cnicas<\/td>\n<\/tr>\n<tr>\n<td>tk_ai<\/td>\n<td>Woocomercio<\/td>\n<td>Primera parte<\/td>\n<td>Utilizado por el complemento Woocommerce. Almacena una identificaci\u00f3n an\u00f3nima generada aleatoriamente. Solo se usa dentro del \u00e1rea del panel (\/wp-admin) y se usa para el seguimiento del uso, si est\u00e1 habilitado. <a href=\"https:\/\/docs.woocommerce.com\/document\/woocommerce-cookies\/\" target=\"_blank\" rel=\"noopener\">Vaya aqu\u00ed para obtener m\u00e1s informaci\u00f3n sobre las cookies utilizadas por Woocommerce. <\/a><\/td>\n<td>Sesi\u00f3n<\/td>\n<td>Sesi\u00f3n<\/td>\n<td>Cookies t\u00e9cnicas<\/td>\n<\/tr>\n<\/tbody>\n<\/table>\n","protected":false},"excerpt":{"rendered":"<p>Nombre Proveedor Fuente Prop\u00f3sito Vencimiento Duraci\u00f3n Categor\u00eda cookie_notice_accepted Barra de  [&#8230;]<\/p>\n","protected":false},"author":1,"featured_media":0,"parent":0,"menu_order":102,"comment_status":"closed","ping_status":"closed","template":"","meta":{"footnotes":""},"class_list":["post-3319","page","type-page","status-publish","hentry"],"_links":{"self":[{"href":"https:\/\/origin-feed.com\/es\/wp-json\/wp\/v2\/pages\/3319","targetHints":{"allow":["GET"]}}],"collection":[{"href":"https:\/\/origin-feed.com\/es\/wp-json\/wp\/v2\/pages"}],"about":[{"href":"https:\/\/origin-feed.com\/es\/wp-json\/wp\/v2\/types\/page"}],"author":[{"embeddable":true,"href":"https:\/\/origin-feed.com\/es\/wp-json\/wp\/v2\/users\/1"}],"replies":[{"embeddable":true,"href":"https:\/\/origin-feed.com\/es\/wp-json\/wp\/v2\/comments?post=3319"}],"version-history":[{"count":5,"href":"https:\/\/origin-feed.com\/es\/wp-json\/wp\/v2\/pages\/3319\/revisions"}],"predecessor-version":[{"id":3423,"href":"https:\/\/origin-feed.com\/es\/wp-json\/wp\/v2\/pages\/3319\/revisions\/3423"}],"wp:attachment":[{"href":"https:\/\/origin-feed.com\/es\/wp-json\/wp\/v2\/media?parent=3319"}],"curies":[{"name":"wp","href":"https:\/\/api.w.org\/{rel}","templated":true}]}}