{"id":3321,"date":"2024-03-15T21:59:06","date_gmt":"2024-03-15T20:59:06","guid":{"rendered":"https:\/\/origin-feed.com\/es\/?page_id=3321"},"modified":"2024-03-23T10:36:33","modified_gmt":"2024-03-23T09:36:33","slug":"terminos-de-servicio","status":"publish","type":"page","link":"https:\/\/origin-feed.com\/es\/terminos-de-servicio\/","title":{"rendered":"T\u00e9rminos de Servicio"},"content":{"rendered":"<div class=\"fusion-fullwidth fullwidth-box fusion-builder-row-1 fusion-flex-container nonhundred-percent-fullwidth non-hundred-percent-height-scrolling\" style=\"--awb-border-radius-top-left:0px;--awb-border-radius-top-right:0px;--awb-border-radius-bottom-right:0px;--awb-border-radius-bottom-left:0px;--awb-flex-wrap:wrap;\" ><div class=\"fusion-builder-row fusion-row fusion-flex-align-items-flex-start fusion-flex-content-wrap\" style=\"max-width:1372.8px;margin-left: calc(-4% \/ 2 );margin-right: calc(-4% \/ 2 );\"><div class=\"fusion-layout-column fusion_builder_column fusion-builder-column-0 fusion_builder_column_1_1 1_1 fusion-flex-column\" style=\"--awb-bg-size:cover;--awb-width-large:100%;--awb-margin-top-large:0px;--awb-spacing-right-large:1.92%;--awb-margin-bottom-large:20px;--awb-spacing-left-large:1.92%;--awb-width-medium:100%;--awb-order-medium:0;--awb-spacing-right-medium:1.92%;--awb-spacing-left-medium:1.92%;--awb-width-small:100%;--awb-order-small:0;--awb-spacing-right-small:1.92%;--awb-spacing-left-small:1.92%;\"><div class=\"fusion-column-wrapper fusion-column-has-shadow fusion-flex-justify-content-flex-start fusion-content-layout-column\"><div class=\"fusion-text fusion-text-1\"><h2>Termini di Servizio<\/h2>\n<p>Con el objetivo de cumplir con la legislaci\u00f3n europea sobre protecci\u00f3n de datos personales (GDPR), invitamos al usuario a consultar nuestra <a href=\"https:\/\/www.origin-feed.com\/es\/privacy-policy\/\"><strong>Pol\u00edtica de Privacidad<\/strong><\/a>, nuestra <a href=\"https:\/\/www.origin-feed.com\/es\/cookie-policy\/\"><strong>Cookie Policy<\/strong><\/a>\u00a0y nuestros <a href=\"https:\/\/www.origin-feed.com\/es\/terminos-de-servicio\/\"><strong>T\u00e9rminos de Servicio<\/strong><\/a>. Para comunicar nuestra creencia en la positividad de estos cambios y para aclarar c\u00f3mo recopilamos, almacenamos y gestionamos sus datos personales, queremos enfatizar que pueden contactarnos en cualquier momento, utilizando la direcci\u00f3n de correo electr\u00f3nico proporcionada en los documentos mencionados anteriormente.<\/p>\n<h3>Propietario del Sitio Web<\/h3>\n<p>Origin s.r.l | Oficina Registrada y Producci\u00f3n Via Piana 265, 47032 Bertinoro (FC) \u2013 ITALIA Correo electr\u00f3nico: info@origin-feed.com<\/p>\n<h4>1. T\u00e9rminos de Uso del Sitio Web<\/h4>\n<p>I presenti termini di servizio hanno lo scopo di garantire il miglior uso del sito, nel rispetto dei diritti di tutti, anche nel rispetto della privacy e della propriet\u00e0 intellettuale.<\/p>\n<p>Estos t\u00e9rminos de servicio tienen como objetivo garantizar el mejor uso del sitio, respetando los derechos de todos, incluidos la privacidad y la propiedad intelectual. El sitio web www.origin-feed.com (el &#8220;Sitio&#8221;) tiene como objetivo: promover la marca, productos y servicios de Origin-feed. El Sitio puede estar sujeto a cambios y actualizaciones. El uso del Sitio implica la aceptaci\u00f3n por parte del usuario de estos t\u00e9rminos de uso y su compromiso de respetarlos. Partes integrales de este documento son nuestra Pol\u00edtica de Privacidad y nuestra Pol\u00edtica de Cookies. Se informa a los usuarios que estas condiciones pueden ser modificadas en cualquier momento.<\/p>\n<h4>2. Propiedad Intelectual<\/h4>\n<p>El contenido del Sitio, incluidos, entre otros, cualquier logotipo, marca comercial o foto en el Sitio, est\u00e1 protegido por derechos de propiedad intelectual o cualquier otra disposici\u00f3n legal aplicable. Se respetan los derechos de propiedad intelectual de terceros, y se respetan todas las disposiciones legales para proteger los intereses de terceros. Sin embargo, si cree que el Sitio puede violar alguno de sus derechos, lo invitamos a contactarnos directamente en los contactos mencionados anteriormente para proceder con la eliminaci\u00f3n del contenido en cuesti\u00f3n despu\u00e9s de recibir una notificaci\u00f3n escrita del titular de los derechos de autor debidamente verificado.<\/p>\n<h4>3. Enlaces a Otros Sitios<\/h4>\n<p>El Sitio contiene enlaces a otros sitios web. El Propietario del Sitio no tiene control sobre ellos, ni puede controlar o verificar su contenido. Por lo tanto, es responsabilidad del usuario conocer los compromisos de cada blog\/red social\/sitio web\/otra p\u00e1gina que visite. En particular, no tenemos control sobre las pr\u00e1cticas de los sitios de terceros para la recopilaci\u00f3n, procesamiento de datos personales y privacidad. Por lo tanto, es responsabilidad del usuario conocer los compromisos del Propietario del Sitio con respecto a la privacidad, as\u00ed como los compromisos de cualquier blog o red social o sitio asociado al sitio que contenga dicho enlace, y utilizar solo los sitios cuyo contenido y reglas de uso sean aceptados. El Propietario del Sitio declina cualquier responsabilidad por cualquier enlace a otro sitio web que haga referencia al Sitio. El Sitio puede estar asociado con dicho enlace, y su contenido no est\u00e1 espec\u00edficamente autorizado por el Propietario del Sitio.<\/p>\n<h4>4. Responsabilidad<\/h4>\n<p>El Propietario del Sitio actualiza regularmente su contenido y dispositivos en el lugar en el sitio para permitir el acceso y uso del Sitio en las mejores condiciones para el usuario. Sin embargo, el Propietario del Sitio no puede garantizar la puntualidad, exactitud y exhaustividad del contenido en la Web. El usuario en este contexto es plenamente consciente de que el contenido en el Sitio es indicativo. Adem\u00e1s, el Propietario del Sitio se reserva el derecho de realizar cambios en el sitio en cualquier momento que considere apropiado, y por lo tanto no puede garantizar al usuario acceso al Sitio en su totalidad en cualquier momento, sin interrupci\u00f3n de manera oportuna, segura y sin errores. Se especifica que pueden realizarse cambios en la naturaleza o alcance de los servicios disponibles. Se especifica que el Propietario del Sitio no puede ser responsable de los da\u00f1os a un usuario causados por terceros que, a trav\u00e9s de t\u00e9cnicas desleales, hayan utilizado la informaci\u00f3n publicada en el sitio. El Propietario del Sitio no puede ser responsable de ning\u00fan da\u00f1o sufrido por el usuario dadas las caracter\u00edsticas de la red y\/o configuraciones t\u00e9cnicas. Sujeto a las disposiciones legales, estas condiciones est\u00e1n sujetas a la ley italiana, y todas las disputas relacionadas con su aplicaci\u00f3n e interpretaci\u00f3n estar\u00e1n sujetas a la jurisdicci\u00f3n exclusiva del Tribunal de M\u00f3dena.<\/p>\n<h4>5. Limitaci\u00f3n de Responsabilidad<\/h4>\n<p>Sujeto a disposiciones legales obligatorias, el Propietario del Sitio no ser\u00e1 responsable de ning\u00fan da\u00f1o o lesi\u00f3n resultante del uso del material al que se hace referencia en el Art\u00edculo 1, as\u00ed como de cualquier interrupci\u00f3n en la ejecuci\u00f3n del programa, error, omisi\u00f3n, interrupci\u00f3n, defecto, demora en la operaci\u00f3n de transmisi\u00f3n, virus o ca\u00edda de l\u00ednea. El Propietario del Sitio no ser\u00e1 responsable de ning\u00fan da\u00f1o o lesi\u00f3n resultante del uso o la imposibilidad de usar el material incluido en el Sitio o resultante de la conducta de otros usuarios que violen estos t\u00e9rminos. El usuario que pretenda ejercer un derecho, reclamo o acci\u00f3n contra cualquier otro usuario con respecto al uso de los servicios ofrecidos por el Sitio acepta evitar cualquier participaci\u00f3n del Propietario del Sitio y los sujetos designados por el mismo para la gesti\u00f3n del Sitio. El material en este Sitio puede incluir imprecisiones t\u00e9cnicas o errores tipogr\u00e1ficos. El Propietario del Sitio puede realizar cambios y mejoras en cualquier momento. El material en este sitio se proporciona &#8220;tal cual&#8221; y sin garant\u00eda alguna, expresa o impl\u00edcita, de acuerdo con la ley aplicable y en la medida permitida por ella, el Propietario del Sitio no ofrece ninguna garant\u00eda, incluidas las de comerciabilidad y aptitud para cualquier uso. El Propietario del Sitio no garantiza que las funciones contenidas en el material ser\u00e1n ininterrumpidas o libres de errores, o que dichos defectos ser\u00e1n corregidos, o que este sitio o el servidor que lo hace disponible est\u00e9n libres de virus o componentes da\u00f1inos. El Propietario del Sitio no hace representaciones ni garant\u00edas sobre el uso o los resultados del uso del material en este sitio, en cuanto a su correcci\u00f3n, exactitud o confiabilidad. Los gastos de reparaci\u00f3n, revisi\u00f3n o correcci\u00f3n ser\u00e1n totalmente a cargo del usuario y no del Propietario del Sitio. Cuando las leyes nacionales aplicables difieran de la ley aplicable indicada a continuaci\u00f3n, la exclusi\u00f3n de garant\u00eda mencionada anteriormente no se aplicar\u00e1.<br \/>\nLimitaciones en el Uso de Material El material de este Sitio y de cualquier otro sitio web de la World Wide Web propiedad, operado, con licencia o controlado por el Propietario del Sitio no puede ser copiado, distribuido, modificado, republicado, reproducido, descargado o transmitido de ninguna manera, sin el consentimiento previo por escrito.<br \/>\nPropuestas Todos los comentarios, sugerencias, ideas, materiales gr\u00e1ficos u otra informaci\u00f3n comunicada al Propietario del Sitio (colectivamente, &#8220;Informaci\u00f3n&#8221;) se convertir\u00e1n en propiedad del mismo. El usuario renuncia a cualquier compensaci\u00f3n y\/o remuneraci\u00f3n no solo econ\u00f3mica sino por cualquier motivo que sea. La Informaci\u00f3n no estar\u00e1 sujeta a ninguna obligaci\u00f3n de confidencialidad. El Propietario del Sitio ser\u00e1 libre de usar la Informaci\u00f3n como considere oportuno sin incurrir en ninguna obligaci\u00f3n o responsabilidad. El remitente reconoce ser responsable de cualquier material enviado; el remitente, y no el Propietario del Sitio, es el \u00fanico responsable del mensaje, incluida su legalidad, confiabilidad, idoneidad, originalidad y cumplimiento con los derechos de propiedad. De conformidad con los Art\u00edculos 1341 y 1342 del C\u00f3digo Civil italiano, el usuario acepta expresamente aceptar las disposiciones de los Art\u00edculos 4. &#8220;Responsabilidad (tribunal competente)&#8221;; 5. &#8220;Limitaci\u00f3n de responsabilidad&#8221;.<\/p>\n<\/div><\/div><\/div><\/div><\/div>\n","protected":false},"excerpt":{"rendered":"","protected":false},"author":1,"featured_media":0,"parent":0,"menu_order":103,"comment_status":"closed","ping_status":"closed","template":"","meta":{"footnotes":""},"class_list":["post-3321","page","type-page","status-publish","hentry"],"_links":{"self":[{"href":"https:\/\/origin-feed.com\/es\/wp-json\/wp\/v2\/pages\/3321","targetHints":{"allow":["GET"]}}],"collection":[{"href":"https:\/\/origin-feed.com\/es\/wp-json\/wp\/v2\/pages"}],"about":[{"href":"https:\/\/origin-feed.com\/es\/wp-json\/wp\/v2\/types\/page"}],"author":[{"embeddable":true,"href":"https:\/\/origin-feed.com\/es\/wp-json\/wp\/v2\/users\/1"}],"replies":[{"embeddable":true,"href":"https:\/\/origin-feed.com\/es\/wp-json\/wp\/v2\/comments?post=3321"}],"version-history":[{"count":3,"href":"https:\/\/origin-feed.com\/es\/wp-json\/wp\/v2\/pages\/3321\/revisions"}],"predecessor-version":[{"id":3419,"href":"https:\/\/origin-feed.com\/es\/wp-json\/wp\/v2\/pages\/3321\/revisions\/3419"}],"wp:attachment":[{"href":"https:\/\/origin-feed.com\/es\/wp-json\/wp\/v2\/media?parent=3321"}],"curies":[{"name":"wp","href":"https:\/\/api.w.org\/{rel}","templated":true}]}}