{"id":3,"date":"2024-03-15T21:29:48","date_gmt":"2024-03-15T20:29:48","guid":{"rendered":"https:\/\/origin-feed.com\/it\/?page_id=3"},"modified":"2024-03-15T21:57:36","modified_gmt":"2024-03-15T20:57:36","slug":"privacy-policy","status":"publish","type":"page","link":"https:\/\/origin-feed.com\/it\/privacy-policy\/","title":{"rendered":"Privacy Policy"},"content":{"rendered":"<p><div class=\"fusion-fullwidth fullwidth-box fusion-builder-row-1 fusion-flex-container nonhundred-percent-fullwidth non-hundred-percent-height-scrolling\" style=\"--awb-border-radius-top-left:0px;--awb-border-radius-top-right:0px;--awb-border-radius-bottom-right:0px;--awb-border-radius-bottom-left:0px;--awb-flex-wrap:wrap;\" ><div class=\"fusion-builder-row fusion-row fusion-flex-align-items-flex-start fusion-flex-content-wrap\" style=\"max-width:1372.8px;margin-left: calc(-4% \/ 2 );margin-right: calc(-4% \/ 2 );\"><div class=\"fusion-layout-column fusion_builder_column fusion-builder-column-0 fusion_builder_column_1_1 1_1 fusion-flex-column\" style=\"--awb-bg-size:cover;--awb-width-large:100%;--awb-margin-top-large:0px;--awb-spacing-right-large:1.92%;--awb-margin-bottom-large:0px;--awb-spacing-left-large:1.92%;--awb-width-medium:100%;--awb-spacing-right-medium:1.92%;--awb-spacing-left-medium:1.92%;--awb-width-small:100%;--awb-spacing-right-small:1.92%;--awb-spacing-left-small:1.92%;\"><div class=\"fusion-column-wrapper fusion-flex-justify-content-flex-start fusion-content-layout-column\"><div class=\"fusion-text fusion-text-1\"><h2><strong>Privacy Policy<\/strong><\/h2>\n<p><strong>Premessa<\/strong><br \/>Con l\u2019obiettivo di adeguarci alla normativa europea sulla protezione dei dati personali (GDPR), invitiamo l\u2019utente alla consultazione della nostra\u00a0 <a href=\"https:\/\/www.origin-feed.com\/privacy-policy\/\"><strong>Privacy Policy<\/strong><\/a>, della nostra\u00a0<a href=\"https:\/\/www.origin-feed.com\/cookie-policy\/\"><strong>Cookie Policy<\/strong><\/a>\u00a0e dei nostri\u00a0<a href=\"https:\/\/www.origin-feed.com\/termini-di-servizio\/\"><strong>Termini di Servizio<\/strong><\/a>. Per comunicare quanto crediamo nella positivit\u00e0 di questi cambiamenti e per chiarire come raccogliamo, archiviamo e gestiamo i tuoi dati personali, vogliamo sottolineare che puoi contattarci in qualsiasi momento, all\u2019indirizzo email indicato nei documenti precedentemente citati.<\/p>\n<p><strong>Titolare del Sito Internet<\/strong><\/p>\n<p>Origin s.r.l | Sede legale e produzione<br \/>Via Piana 265, 47032 Bertinoro (FC) \u2013 ITALIA<br \/>Email: info@origin-feed.com<\/p>\n<hr \/>\n<h2><strong>I &#8211; INFORMAZIONI RELATIVE ALLA PRIVACY POLICY DEL SITO<\/strong><\/h2>\n<ol>\n<li style=\"list-style-type: none;\">\n<ol>\n<li>In questa sezione sono contenute le informazioni relative alle modalit\u00e0 di gestione di www.origin-feed.com in riferimento al trattamento dei dati degli utenti di www.origin-feed.com.<\/li>\n<li>La presente informativa ha valore anche ai fini dell&#8217;articolo 13 del Regolamento (UE) n. 2016\/679, relativo alla protezione delle persone fisiche con riguardo al trattamento dei dati personali nonch\u00e9 alla libera circolazione di tali dati, per i soggetti che interagiscono con www.origin-feed.com ed \u00e8 raggiungibile all&#8217;indirizzo corrispondente alla pagina iniziale: <a href=\"https:\/\/www.origin-feed.com\">https:\/\/www.origin-feed.com<\/a> .<\/li>\n<li>L&#8217;informativa \u00e8 resa solo per www.origin-feed.com e non anche per altri siti web eventualmente consultati dall&#8217;utente tramite link in esso contenuti.<\/li>\n<li>Scopo del presente documento \u00e8 fornire indicazioni circa le modalit\u00e0, i tempi e la natura delle informazioni che i titolari del trattamento devono fornire agli utenti al momento della connessione alle pagine web di www.origin-feed.com, indipendentemente dagli scopi del collegamento stesso, secondo la legislazione Italiana ed Europea.<\/li>\n<li>L&#8217;informativa pu\u00f2 subire modifiche a causa dell&#8217;introduzione di nuove norme al riguardo, si invita pertanto l&#8217;utente a controllare periodicamente la presente pagina.<\/li>\n<li>Se l&#8217;utente ha meno di 14 anni, ai sensi dell&#8217;art.8, c.1 regolamento (UE) 2016\/679, e dell&#8217;Art. 2 &#8211; Quinquies del D.Lgs 196\/2003, cos\u00ec come modificato dal D.Lgs 181\/18, dovr\u00e0 legittimare il suo consenso attraverso l&#8217;autorizzazione dei genitori o di chi ne fa le veci.<\/li>\n<\/ol>\n<h2><strong>II &#8211; TRATTAMENTO DEI DATI<\/strong><\/h2>\n<p><strong>1 &#8211; Titolare dei Dati<\/strong><\/p>\n<ol>\n<li>Il titolare del trattamento \u00e8 la persona fisica o giuridica, l&#8217;autorit\u00e0 pubblica, il servizio o altro organismo che, singolarmente o insieme ad altri, determina le finalit\u00e0 e i mezzi del trattamento di dati personali. Si occupa anche dei profili sulla sicurezza.<\/li>\n<li>Relativamente al presente sito web il titolare del trattamento \u00e8 il &#8220;Titolare del Sito Internet&#8221;.<\/li>\n<\/ol>\n<p><strong>2 &#8211; Responsabile del trattamento dati<\/strong><\/p>\n<ol>\n<li>Il responsabile del trattamento \u00e8 la persona fisica o giuridica, l&#8217;autorit\u00e0 pubblica, il servizio o altro organismo che tratta dati personali per conto del titolare del trattamento.<\/li>\n<li>Ai sensi dell&#8217;articolo 28 del regolamento (UE) n. 2016\/679, su nomina del titolare del dati, il responsabile del trattamento dei dati del sito www.origin-feed.com \u00e8 il &#8220;Titolare del Sito Internet&#8221;.<\/li>\n<\/ol>\n<p><strong>3 &#8211; Luogo trattamento dati<\/strong><\/p>\n<ol>\n<li>Il trattamento dei dati generato dall&#8217;utilizzo di www.origin-feed.com avviene presso la sede del &#8220;Titolare del Sito Internet&#8221;.<\/li>\n<li>Dati di natura tecnica, file di log, indirizzi IP o altri dati relativi al presente sito web sono inoltre trattati presso il datacenter del web Hosting provider. Il web hosting \u00e8 responsabile del trattamento, elaborando i dati per conto del titolare. Nel caso specifico il web Hosting provider \u00e8 <a href=\"https:\/\/www.aruba.it\/home.aspx\" target=\"_blank\" rel=\"noopener\">ARUBA<\/a>, si trova nello Spazio Economico Europeo e agisce in conformit\u00e0 delle norme europee (<a href=\"https:\/\/www.aruba.it\/gdpr-regolamento-europeo-privacy.aspx\">Policy privacy web Hosting provider<\/a>).<\/li>\n<li>In caso di necessit\u00e0, i dati connessi ad un eventuale servizio newsletter possono essere trattati anche dal responsabile del trattamento o soggetti da esso incaricati a tal fine presso la relativa sede.<\/li>\n<\/ol>\n<p><strong>4 &#8211; Trasferimento di dati personali verso paesi terzi<\/strong><br \/>Il Titolare del trattamento non intende trasferire i Suoi dati personali verso Paesi terzi. Qualora si procedesse ad eventuale trasferimento di dati oltre l\u2019ambito europeo esso sar\u00e0 effettuato sulla base di una Decisione di Adeguatezza o nel rispetto delle Standard Contractual Clauses approvate dalla Commissione Europea.<br \/>Il Titolare si rende sempre disponibile per fornire ulteriori informazioni in merito ad eventuali trattamenti che implichino il trasferimento al di fuori dello Spazio Economico Europeo.<\/p>\n<p><strong>5 &#8211; Processi decisionali automatizzati<\/strong><br \/>Il Titolare del trattamento non fa uso di processi decisionali automatizzati o processi di profilazione di cui all\u2019articolo 22, paragrafi 1 e 4, del Regolamento Europeo.<\/p>\n<h2><strong>III COOKIES<\/strong><\/h2>\n<p>Per un approfondimento sulla gestione dei Cookie, da intendersi come parte integrante della presente Privacy policy, invitiamo l&#8217;utente a consultare la pagina di seguito indicata: <a href=\"https:\/\/www.origin-feed.com\/cookie-policy\/\">\u00a0https:\/\/www.origin-feed.com\/cookie-policy\/<\/a><\/p>\n<h2><strong>IV &#8211; DATI TRATTATI<\/strong><\/h2>\n<p><strong>1 &#8211; Modalit\u00e0 trattamento dati<\/strong><\/p>\n<ol>\n<li>Come tutti i siti web anche il presente sito fa uso di log files nei quali vengono conservate informazioni raccolte in maniera automatizzata durante le visite degli utenti. Le informazioni raccolte potrebbero essere le seguenti:<\/li>\n<\/ol>\n<ul>\n<li>indirizzo internet protocol (IP);<\/li>\n<li>tipo di browser e parametri del dispositivo usato per connettersi al sito;<\/li>\n<li>nome dell&#8217;internet service provider (ISP);<\/li>\n<li>data e orario di visita;<\/li>\n<li>pagina web di provenienza del visitatore (referral) e di uscita;<\/li>\n<li>eventualmente il numero di click.<\/li>\n<li>data di visita;<\/li>\n<li>il numero di click.<\/li>\n<\/ul>\n<ol start=\"2\">\n<li>Le suddette informazioni sono trattate in forma automatizzata e raccolte in forma esclusivamente aggregata al fine di verificare il corretto funzionamento del sito, e per motivi di sicurezza. Tali informazioni saranno trattate in base ai legittimi interessi del titolare.<\/li>\n<li>A fini di sicurezza (filtri antispam, firewall, rilevazione virus), i dati registrati automaticamente possono eventualmente comprendere anche dati personali come l&#8217;indirizzo Ip, che potrebbe essere utilizzato, conformemente alle leggi vigenti in materia, al fine di bloccare tentativi di danneggiamento al sito medesimo o di recare danno ad altri utenti, o comunque attivit\u00e0 dannose o costituenti reato. Tali dati non sono mai utilizzati per l&#8217;identificazione o la profilazione dell&#8217;utente, ma solo a fini di tutela del sito e dei suoi utenti, tali informazioni saranno trattate in base ai legittimi interessi del titolare.<\/li>\n<li>Qualora il sito consenta l&#8217;inserimento di testi tramite moduli dedicati (ad esempio tramite il Modulo Contatti, che comprende l&#8217;invio di Nome, Cognome, Email , Telefono) tali dati si intendono volontariamente forniti dall&#8217;utente al momento della richiesta di contatto. Inserendo tali informazioni l&#8217;utente accetta espressamente l&#8217;informativa privacy. I dati ricevuti verranno utilizzati esclusivamente ai fini di contatto e\/o dell&#8217;erogazione del servizio richiesto.<\/li>\n<li>Le informazioni che gli utenti del sito riterranno di rendere pubbliche tramite i servizi e gli strumenti messi a disposizione degli stessi, sono fornite dall&#8217;utente consapevolmente e volontariamente, esentando il presente sito da qualsiasi responsabilit\u00e0 in merito ad eventuali violazioni delle leggi. Spetta all&#8217;utente verificare di avere i permessi per l&#8217;immissione di dati personali di terzi o di contenuti tutelati dalle norme nazionali ed internazionali.<\/li>\n<\/ol>\n<p><strong>2 &#8211; Finalit\u00e0 del trattamento dati e base giuridica<\/strong><\/p>\n<ol>\n<li>I dati raccolti dal sito durante il suo funzionamento sono utilizzati esclusivamente per le finalit\u00e0 sopra indicate e conservati per il tempo strettamente necessario a svolgere le attivit\u00e0 precisate, e comunque non oltre i termini consentiti di legge.<\/li>\n<li>I dati utilizzati a fini di sicurezza (blocco tentativi di danneggiamento del sito) sono conservati per il tempo strettamente necessario al raggiungimento del fine indicato.<\/li>\n<li>La base giuridica su cui si fonda questo trattamento, stanti le disposizioni nazionali ed Europee in materia, sar\u00e0 pertanto il Suo consenso al trattamento, il legittimo interesse del titolare, l\u2019adempimento a misure contrattuali e\/o precontrattuali, l&#8217;invio di informazioni relative a richieste di servizi erogati e\/o potenzialmente erogabili.<\/li>\n<li>I dati personali potranno essere trattati sia attraverso strumenti informatici, che supporti cartacei.<\/li>\n<\/ol>\n<p><strong>3 &#8211; Dati forniti dall&#8217;utente<\/strong><\/p>\n<ol>\n<li>Come sopra indicato, l&#8217;invio facoltativo, esplicito e volontario di posta elettronica agli indirizzi indicati su questo sito comporta la successiva acquisizione dell&#8217;indirizzo del mittente, necessario per rispondere alle richieste, nonch\u00e9 degli eventuali altri dati personali inseriti nella missiva.<\/li>\n<li>Eventuali specifiche informative di sintesi verranno progressivamente riportate o visualizzate nelle pagine del sito predisposte per particolari servizi a richiesta. Nello specifico, invece, nel modulo presente alla pagina Contatti, vengono richiesti Nome, Cognome, indirizzo Email e Telefono al fine di ricontattare l&#8217;utente per rispondere alla richiesta inoltrata e\/o erogare un servizio.<\/li>\n<\/ol>\n<h2><strong>V &#8211; DIRITTI DELL&#8217;UTENTE<\/strong><\/h2>\n<ol>\n<li>L&#8217;art. 13, c. 2 del Regolamento (UE) 2016\/679 elenca i diritti dell&#8217;utente.<\/li>\n<li>Il sito www.origin-feed.com intende pertanto informare l&#8217;utente sull&#8217;esistenza dei diritti dell&#8217;utente, in base ai seguenti articoli del Regolamento (UE) 2016\/679:<\/li>\n<li>a) In base all&#8217;art. 15, del diritto dell&#8217;interessato di chiedere al titolare l&#8217;accesso ai dati personali, in base all&#8217;art. 16 la possibilit\u00e0 di rettificare i dati forniti, in base all&#8217;art.18 la possibilit\u00e0 di integrare o limitare il trattamento che lo riguardino, o di opporsi, per motivi legittimi, al loro trattamento in base all&#8217;art. 21, oltre al diritto alla portabilit\u00e0 dei dati in base all&#8217;art. 20 Regolamento (UE);<\/li>\n<li>b) del diritto di chiedere la cancellazione in base all&#8217;art.17, la trasformazione in forma anonima o il blocco dei dati trattati in violazione di legge, compresi quelli di cui non \u00e8 necessaria la conservazione in relazione agli scopi per i quali i dati sono stati raccolti o successivamente trattati.<\/li>\n<li>c) del diritto di ottenere l&#8217;attestazione che le operazioni di aggiornamento, rettificazione, integrazione dei dati, cancellazione, blocco dei dati, trasformazione sono state portate a conoscenza, anche per quanto riguarda il loro contenuto, di coloro ai quali i dati sono stati comunicati o diffusi, eccettuato il caso in cui tale adempimento si rivela impossibile o comporta un impiego di mezzi manifestamente sproporzionato rispetto al diritto tutelato.<\/li>\n<li>Le richieste possono essere indirizzate al titolare del trattamento, senza formalit\u00e0 o, in alternativa, utilizzando il modello previsto dal Garante per la Protezione dei Dati Personali, o inviando una email Titolare del sito internet.<\/li>\n<li>Qualora il trattamento sia basato sull&#8217;art. 6, paragrafo 1, lett. a) \u2013 consenso espresso all&#8217;utilizzo \u2013 oppure sull&#8217;art. 9, paragrafo 2 lett. a) \u2013 consenso espresso all&#8217;utilizzo di dati genetici, biometrici, relativi alla salute, che rivelino convinzioni religiose, o filosofiche o appartenenza sindacale, che rivelino l&#8217;origine razziale o etnica, le opinioni politiche \u2013 l&#8217;utente ha il diritto di revocare il consenso in qualsiasi momento senza pregiudicare la liceit\u00e0 del trattamento basata sul consenso prestato prima della revoca.<\/li>\n<li>Parimenti, in caso di violazione della normativa, l&#8217;utente ha il diritto di proporre reclamo presso il Garante per la Protezione dei Dati Personali, quale autorit\u00e0 preposta al controllo sul trattamento nello Stato Italiano.<\/li>\n<li>Per una disamina pi\u00f9 approfondita dei diritti che Le competono, si vedano gli articoli 15-22 del Regolamento (UE) 2016\/679.<\/li>\n<\/ol>\n<h2><strong>VI. SICUREZZA DATI FORNITI<\/strong><\/h2>\n<ol>\n<li>Il presente sito tratta i dati degli utenti in maniera lecita e corretta, adottando le opportune misure di sicurezza volte ad impedire accessi non autorizzati, divulgazione, modifica o distruzione non autorizzata dei dati. Il trattamento viene effettuato mediante strumenti informatici e\/o telematici, con modalit\u00e0 organizzative e con logiche strettamente correlate alle finalit\u00e0 indicate.<\/li>\n<li>Oltre al titolare, in alcuni casi, potrebbero avere accesso ai dati categorie di incaricati coinvolti nell&#8217;organizzazione del sito (personale amministrativo, commerciale, marketing, legali, amministratori di sistema) ovvero soggetti esterni (come fornitori di servizi tecnici terzi, corrieri postali, hosting provider, societ\u00e0 informatiche, agenzie di comunicazione). Il Titolare si rende sempre disponibile per fornire ulteriori informazioni in merito ad eventuali trattamenti che implichino altri soggetti.<\/li>\n<\/ol>\n<h2><strong>VII. MODIFICHE AL PRESENTE DOCUMENTO<\/strong><\/h2>\n<ol>\n<li>Il presente documento, che costituisce la privacy policy di questo sito, \u00e8 pubblicato all&#8217;indirizzo: <a href=\"https:\/\/www.origin-feed.com\/privacy-policy\/\">https:\/\/www.origin-feed.com\/privacy-policy\/<\/a><\/li>\n<\/ol>\n<ol start=\"2\">\n<li>Esso pu\u00f2 essere soggetto a modifiche o aggiornamenti. Si invitano gli utenti a consultare periodicamente la presente pagina per essere sempre aggiornati sulle ultime novit\u00e0 legislative.<\/li>\n<\/ol>\n<\/li>\n<\/ol>\n<\/div><div class=\"fusion-text fusion-text-2\"><p>Documento aggiornato al 31\/1\/2024<\/p>\n<\/div><\/div><\/div><\/div><\/div><\/p>\n","protected":false},"excerpt":{"rendered":"","protected":false},"author":1,"featured_media":0,"parent":0,"menu_order":101,"comment_status":"closed","ping_status":"open","template":"","meta":{"footnotes":""},"class_list":["post-3","page","type-page","status-publish","hentry"],"_links":{"self":[{"href":"https:\/\/origin-feed.com\/it\/wp-json\/wp\/v2\/pages\/3","targetHints":{"allow":["GET"]}}],"collection":[{"href":"https:\/\/origin-feed.com\/it\/wp-json\/wp\/v2\/pages"}],"about":[{"href":"https:\/\/origin-feed.com\/it\/wp-json\/wp\/v2\/types\/page"}],"author":[{"embeddable":true,"href":"https:\/\/origin-feed.com\/it\/wp-json\/wp\/v2\/users\/1"}],"replies":[{"embeddable":true,"href":"https:\/\/origin-feed.com\/it\/wp-json\/wp\/v2\/comments?post=3"}],"version-history":[{"count":1,"href":"https:\/\/origin-feed.com\/it\/wp-json\/wp\/v2\/pages\/3\/revisions"}],"predecessor-version":[{"id":3318,"href":"https:\/\/origin-feed.com\/it\/wp-json\/wp\/v2\/pages\/3\/revisions\/3318"}],"wp:attachment":[{"href":"https:\/\/origin-feed.com\/it\/wp-json\/wp\/v2\/media?parent=3"}],"curies":[{"name":"wp","href":"https:\/\/api.w.org\/{rel}","templated":true}]}}