{"id":3319,"date":"2024-03-15T21:58:10","date_gmt":"2024-03-15T20:58:10","guid":{"rendered":"https:\/\/origin-feed.com\/it\/?page_id=3319"},"modified":"2024-03-15T21:58:30","modified_gmt":"2024-03-15T20:58:30","slug":"cookie-policy","status":"publish","type":"page","link":"https:\/\/origin-feed.com\/it\/cookie-policy\/","title":{"rendered":"Cookie Policy"},"content":{"rendered":"<p><div class=\"fusion-fullwidth fullwidth-box fusion-builder-row-1 fusion-flex-container nonhundred-percent-fullwidth non-hundred-percent-height-scrolling\" style=\"--awb-border-radius-top-left:0px;--awb-border-radius-top-right:0px;--awb-border-radius-bottom-right:0px;--awb-border-radius-bottom-left:0px;--awb-flex-wrap:wrap;\" ><div class=\"fusion-builder-row fusion-row fusion-flex-align-items-flex-start fusion-flex-content-wrap\" style=\"max-width:1372.8px;margin-left: calc(-4% \/ 2 );margin-right: calc(-4% \/ 2 );\"><div class=\"fusion-layout-column fusion_builder_column fusion-builder-column-0 fusion_builder_column_1_1 1_1 fusion-flex-column\" style=\"--awb-bg-size:cover;--awb-width-large:100%;--awb-margin-top-large:0px;--awb-spacing-right-large:1.92%;--awb-margin-bottom-large:20px;--awb-spacing-left-large:1.92%;--awb-width-medium:100%;--awb-order-medium:0;--awb-spacing-right-medium:1.92%;--awb-spacing-left-medium:1.92%;--awb-width-small:100%;--awb-order-small:0;--awb-spacing-right-small:1.92%;--awb-spacing-left-small:1.92%;\"><div class=\"fusion-column-wrapper fusion-column-has-shadow fusion-flex-justify-content-flex-start fusion-content-layout-column\"><div class=\"fusion-text fusion-text-1\"><h2><strong>Cookie Policy &#8211; Premessa<\/strong><\/h2>\n<p>Con l&#8217;obiettivo di adeguarci alla normativa europea sulla protezione dei dati personali (GDPR) introdotta il 25 maggio 2018, invitiamo l&#8217;utente alla consultazione della nostra <a href=\"https:\/\/www.origin-feed.com\/cookie-policy\/\"><strong>Cookie Policy<\/strong><\/a>, la nostra <a href=\"https:\/\/www.origin-feed.com\/privacy-policy\/\"><strong>Privacy Policy<\/strong><\/a> e i nostri <a href=\"https:\/\/www.origin-feed.com\/termini-di-servizio\/\"><strong>Termini di Servizio<\/strong><\/a>. Per comunicare quanto crediamo nella positivit\u00e0 di questi cambiamenti e per chiarire come raccogliamo, archiviamo e gestiamo i tuoi dati personali, vogliamo sottolineare che puoi contattarci in qualsiasi momento, all&#8217;indirizzo email indicato nei documenti precedentemente citati.<\/p>\n<h2><strong>Titolare del Sito Internet<\/strong><\/h2>\n<p>Origin s.r.l | Sede legale e produzione<br \/>Via Piana 265, 47032 Bertinoro (FC) \u2013 ITALIA<br \/>Email: info@origin-feed.com<\/p>\n<h2><strong>Diritti dell&#8217;interessato<\/strong><\/h2>\n<p>Ai sensi dell&#8217;art. 7 Codice Privacy, in qualsiasi momento l&#8217;interessato ha diritto di ottenere la conferma dell&#8217;esistenza o meno dei dati che lo riguardano e di conoscerne il contenuto e l&#8217;origine, di verificarne l&#8217;esattezza o chiederne l&#8217;integrazione o l&#8217;aggiornamento, oppure la rettificazione. Ha altres\u00ec il diritto di chiedere la cancellazione, la trasformazione in forma anonima o il blocco dei dati trattati in violazione di legge, nonch\u00e9 di opporsi per motivi legittimi al trattamento dei dati che la riguardano. Le relative richieste vanno rivolte al Titolare del sito internet.<br \/>Ai sensi del Regolamento Europeo UE n\u00b0679\/2016 Lei potr\u00e0 esercitare i diritti previsti dalle disposizioni del Regolamento Europeo in materia di protezione dei dati personali n\u00b0679\/2016 inviando una comunicazione scritta al Titolare del sito internet.<\/p>\n<h2><strong>Cosa sono i cookie<\/strong><\/h2>\n<p>I cookie sono piccoli file di testo che i siti visitati dagli utenti inviano ai loro terminali, dove vengono memorizzati per essere ritrasmessi agli\u00a0 stessi siti in occasione di\u00a0 visite successive. I cookie sono utilizzati per diverse finalit\u00e0, hanno caratteristiche diverse, e possono essere utilizzati sia dal titolare del sito che si sta visitando (cookie di prima parte), sia da terze parti (cookie di terza parte).<\/p>\n<p>Di seguito troverai tutte le informazioni sui cookie installati attraverso questo sito, e le indicazioni necessarie su come gestire le tue preferenze riguardo ad essi.<br \/>Nel caso di eventuali cookie gestiti da terze parti, troverai inoltre indicazioni specifiche e il link alla relativa privacy policy o pagine di riferimento.<\/p>\n<\/div><div class=\"fusion-text fusion-text-2\"><h2><strong>Cookie utilizzati da questo sito<\/strong><\/h2>\n<p>L&#8217;utilizzo di cookie da parte del\u00a0<strong>Titolare\u00a0<\/strong>di questo sito,\u00a0si inquadra nella Privacy Policy dello stesso; per tutte le informazioni richieste dall&#8217;art.13 Codice della Privacy\u00a0<u><a href=\"https:\/\/www.origin-feed.com\/privacy-policy\/\">clicca qui<\/a><\/u>. I cookie specifici utilizzati dal sito sono elencati nei punti a seguire. Tutti i cookie diversi da quelli tecnici vengono installati solo a seguito del consenso espresso dall&#8217;utente. (Nell&#8217;eventualit\u00e0 in cui siano presenti cookie non tecnici, ad esempio di cookie profilazione, il consenso pu\u00f2 essere espresso in maniera generale, interagendo con il banner di informativa breve presente sulla pagina di approdo del sito, secondo le modalit\u00e0 indicate in tale banner. Di questa interazione viene tenuta traccia in occasione delle visite successive. Tuttavia, l&#8217;utente avr\u00e0 sempre la possibilit\u00e0 di revocare in tutto o in parte l&#8217;eventuale consenso gi\u00e0 espresso).<\/p>\n<h3><strong>&#8211; Cookie tecnici e di statistica aggregata<\/strong><\/h3>\n<p>In questo sito sono utilizzati <strong>cookie tecnici<\/strong> relativi ad attivit\u00e0 strettamente necessarie al funzionamento del sito e di <strong>statistica aggregata<\/strong> (pertanto assimilabili ai cookie tecnici). Per tali tipologie di cookie non \u00e8 richiesto l&#8217;esplicito consenso dell&#8217;utente.<\/p>\n<h3><strong>&#8211; Altre tipologie di Cookie di prima parte o di terze parti<\/strong><\/h3>\n<p>In questo sito NON sono attualmente utilizzati cookie di profilazione o di terze parti.<br \/>\nA solo scopo informativo, informiamo comunque che per la maggior parte dei cookie gestiti da terze parti \u00e8 possibile impostare le preferenze attraverso il sito <a href=\"http:\/\/www.youronlinechoices.com\/it\/le-tue-scelte\" target=\"_blank\" rel=\"noopener\">www.youronlinechoices.com\/it<\/a>\u00a0(il sistema opera con riferimento alle societ\u00e0 aderenti di pubblicit\u00e0 comportamentale).<\/p>\n<\/div><\/div><\/div><\/div><\/div><div class=\"fusion-fullwidth fullwidth-box fusion-builder-row-2 fusion-flex-container nonhundred-percent-fullwidth non-hundred-percent-height-scrolling\" style=\"--awb-border-radius-top-left:0px;--awb-border-radius-top-right:0px;--awb-border-radius-bottom-right:0px;--awb-border-radius-bottom-left:0px;--awb-flex-wrap:wrap;\" ><div class=\"fusion-builder-row fusion-row fusion-flex-align-items-flex-start fusion-flex-content-wrap\" style=\"max-width:1372.8px;margin-left: calc(-4% \/ 2 );margin-right: calc(-4% \/ 2 );\"><div class=\"fusion-layout-column fusion_builder_column fusion-builder-column-1 fusion_builder_column_1_1 1_1 fusion-flex-column\" style=\"--awb-bg-size:cover;--awb-width-large:100%;--awb-margin-top-large:0px;--awb-spacing-right-large:1.92%;--awb-margin-bottom-large:20px;--awb-spacing-left-large:1.92%;--awb-width-medium:100%;--awb-order-medium:0;--awb-spacing-right-medium:1.92%;--awb-spacing-left-medium:1.92%;--awb-width-small:100%;--awb-order-small:0;--awb-spacing-right-small:1.92%;--awb-spacing-left-small:1.92%;\"><div class=\"fusion-column-wrapper fusion-column-has-shadow fusion-flex-justify-content-flex-start fusion-content-layout-column\"><div class=\"fusion-text fusion-text-3\"><h2><strong>Tabella dei Cookie<\/strong><\/h2>\n<\/div><div class=\"fusion-text fusion-text-4\"><table border=\"1\" width=\"100%\" cellspacing=\"5px\" cellpadding=\"5px\">\n<tbody>\n<tr class=\"tablehead\">\n<td>Nome<\/td>\n<td>Provider<\/td>\n<td>Fonte<\/td>\n<td>Scopo<\/td>\n<td>Scadenza<\/td>\n<td>Durata<\/td>\n<td>Categoria<\/td>\n<\/tr>\n<tr>\n<td>cookie_notice_accepted<\/td>\n<td>Privacy Bar<\/td>\n<td>Prima parte<\/td>\n<td>Memorizza il consenso dato dell&#8217;utente sulla barra dei Cookie.<\/td>\n<td>1 mese<\/td>\n<td>Persistente<\/td>\n<td>Cookie tecnici<\/td>\n<\/tr>\n<tr>\n<td>wordpress_test_cookie<\/td>\n<td>WordPress<\/td>\n<td>Prima parte<\/td>\n<td>Verifica che il browser accetti i cookie.<\/td>\n<td>Sessione<\/td>\n<td>Sessione<\/td>\n<td>Cookie tecnici<\/td>\n<\/tr>\n<tr>\n<td>wordpress_sec_[*]<\/td>\n<td>WordPress<\/td>\n<td>Prima parte<\/td>\n<td>Utile per fornire protezione e sicurezza in sessione.<\/td>\n<td>Sessione<\/td>\n<td>Sessione<\/td>\n<td>Cookie tecnici<\/td>\n<\/tr>\n<tr>\n<td>wordpress_logged_in_{hash}<\/td>\n<td>WordPress<\/td>\n<td>Prima parte<\/td>\n<td>Ricorda sessione utente.<\/td>\n<td>Sessione<\/td>\n<td>Sessione<\/td>\n<td>Cookie tecnici<\/td>\n<\/tr>\n<tr>\n<td>wp-settings-time-{user}<\/td>\n<td>WordPress<\/td>\n<td>Prima parte<\/td>\n<td>Ora in cui \u00e8 stato impostato wp-settings-{user}.<\/td>\n<td>1 anno<\/td>\n<td>Persistente<\/td>\n<td>Cookie tecnici<\/td>\n<\/tr>\n<tr>\n<td>wp-settings-{user}<\/td>\n<td>WordPress<\/td>\n<td>Prima parte<\/td>\n<td>Utilizzato per preservare le impostazioni dell&#8217;utente wp-admin.<\/td>\n<td>1 anno<\/td>\n<td>Persistente<\/td>\n<td>Cookie tecnici<\/td>\n<\/tr>\n<tr>\n<td>fusionredux_current_tab<\/td>\n<td>Fusion Theme<\/td>\n<td>Prima parte<\/td>\n<td>Utilizzato dal tema Avada per gestire aspetti funzionali del sito.<\/td>\n<td>1 settimana<\/td>\n<td>Persistente<\/td>\n<td>Cookie tecnici<\/td>\n<\/tr>\n<tr>\n<td>fusion_metabox_tab_[*]<\/td>\n<td>Fusion Theme<\/td>\n<td>Prima parte<\/td>\n<td>Utilizzato dal tema Avada per gestire aspetti funzionali del sito.<\/td>\n<td>Sessione<\/td>\n<td>Sessione<\/td>\n<td>Cookie tecnici<\/td>\n<\/tr>\n<tr>\n<td>tk_ai<\/td>\n<td>Woocommerce<\/td>\n<td>Prima parte<\/td>\n<td>Utilizzato dal plugin Woocommerce. Memorizza un ID anonimo generato casualmente. Viene utilizzato solo all&#8217;interno dell&#8217;area del dashboard ( \/wp-admin) e viene utilizzato per il monitoraggio dell&#8217;utilizzo, se abilitato. <a href=\"https:\/\/docs.woocommerce.com\/document\/woocommerce-cookies\/\" target=\"_blank\" rel=\"noopener\">Vai qui per approfondire i cookie utilizzati da Woocommerce. <\/a><\/td>\n<td>Sessione<\/td>\n<td>Sessione<\/td>\n<td>Cookie tecnici<\/td>\n<\/tr>\n<\/tbody>\n<\/table>\n<\/div><\/div><\/div><\/div><\/div><div class=\"fusion-fullwidth fullwidth-box fusion-builder-row-3 fusion-flex-container nonhundred-percent-fullwidth non-hundred-percent-height-scrolling\" style=\"--awb-border-radius-top-left:0px;--awb-border-radius-top-right:0px;--awb-border-radius-bottom-right:0px;--awb-border-radius-bottom-left:0px;--awb-flex-wrap:wrap;\" ><div class=\"fusion-builder-row fusion-row fusion-flex-align-items-flex-start fusion-flex-content-wrap\" style=\"max-width:1372.8px;margin-left: calc(-4% \/ 2 );margin-right: calc(-4% \/ 2 );\"><div class=\"fusion-layout-column fusion_builder_column fusion-builder-column-2 fusion_builder_column_1_1 1_1 fusion-flex-column\" style=\"--awb-bg-size:cover;--awb-width-large:100%;--awb-margin-top-large:0px;--awb-spacing-right-large:1.92%;--awb-margin-bottom-large:20px;--awb-spacing-left-large:1.92%;--awb-width-medium:100%;--awb-order-medium:0;--awb-spacing-right-medium:1.92%;--awb-spacing-left-medium:1.92%;--awb-width-small:100%;--awb-order-small:0;--awb-spacing-right-small:1.92%;--awb-spacing-left-small:1.92%;\"><div class=\"fusion-column-wrapper fusion-column-has-shadow fusion-flex-justify-content-flex-start fusion-content-layout-column\"><div class=\"fusion-text fusion-text-5\"><h2><strong>Come si possono gestire e cancellare i Cookie dal Browser?<\/strong><\/h2>\n<p>Solitamente \u00e8 possibile modificare le impostazioni del browser in modo da rifiutare i cookie, eliminare quelli esistenti o semplicemente essere informato quando un nuovo cookie viene inviato al proprio device. Rifiutando o disabilitando i cookie, alcune funzionalit\u00e0 del sito web possono andare perse. Se si utilizzano dispositivi diversi tra di loro per visualizzare e accedere al sito web, come computer, smartphone, tablet, ecc., \u00e8 buona norma assicurarsi che ciascun browser su ciascun dispositivo sia regolato secondo le Sue preferenze relative ai cookie.<br \/>\nPu\u00f2 trovare informazione su come farlo su <a href=\"https:\/\/cookiepedia.co.uk\/how-to-manage-cookies\">https:\/\/cookiepedia.co.uk\/how-to-manage-cookies<\/a> .<\/p>\n<p>Inoltre si possono trovare informazioni su come gestire i Cookie in alcuni dei browser pi\u00f9 diffusi ai seguenti indirizzi:<\/p>\n<ul>\n<li><a href=\"https:\/\/support.google.com\/chrome\/answer\/95647?hl=it&amp;p=cpn_cookies\" target=\"_blank\" rel=\"noopener nofollow\">Google Chrome<\/a><\/li>\n<li><a href=\"https:\/\/support.mozilla.org\/it\/kb\/Attivare%20e%20disattivare%20i%20cookie\" target=\"_blank\" rel=\"noopener nofollow\">Mozilla Firefox<\/a><\/li>\n<li><a href=\"https:\/\/support.apple.com\/it-it\/guide\/safari\/manage-cookies-and-website-data-sfri11471\/\" target=\"_blank\" rel=\"noopener nofollow\">Apple Safari<\/a><\/li>\n<li><a href=\"http:\/\/windows.microsoft.com\/it-it\/windows-vista\/block-or-allow-cookies\" target=\"_blank\" rel=\"noopener nofollow\">Microsoft Internet Explorer<\/a><\/li>\n<li><a href=\"https:\/\/support.microsoft.com\/it-it\/help\/4027947\" target=\"_blank\" rel=\"noopener nofollow\">Microsoft Edge<\/a><\/li>\n<li><a href=\"https:\/\/support.brave.com\/hc\/articles\/360022806212-How-do-I-use-Shields-while-browsing\" target=\"_blank\" rel=\"noopener nofollow\">Brave<\/a><\/li>\n<li><a href=\"https:\/\/help.opera.com\/latest\/web-preferences\/#cookies\" target=\"_blank\" rel=\"noopener nofollow\">Opera<\/a><\/li>\n<\/ul>\n<h3><strong>Ulteriori informazioni per la gestione dei consensi<\/strong><\/h3>\n<p>Si informano gli Utenti dell&#8217;utile servizio presente su: <a href=\"http:\/\/www.youronlinechoices.eu\/\" target=\"_blank\" rel=\"noopener nofollow\">YourOnlineChoices<\/a> (EU).<\/p>\n<\/div><\/div><\/div><\/div><\/div><div class=\"fusion-fullwidth fullwidth-box fusion-builder-row-4 fusion-flex-container nonhundred-percent-fullwidth non-hundred-percent-height-scrolling\" style=\"--awb-border-radius-top-left:0px;--awb-border-radius-top-right:0px;--awb-border-radius-bottom-right:0px;--awb-border-radius-bottom-left:0px;--awb-flex-wrap:wrap;\" ><div class=\"fusion-builder-row fusion-row fusion-flex-align-items-flex-start fusion-flex-content-wrap\" style=\"max-width:1372.8px;margin-left: calc(-4% \/ 2 );margin-right: calc(-4% \/ 2 );\"><div class=\"fusion-layout-column fusion_builder_column fusion-builder-column-3 fusion_builder_column_1_1 1_1 fusion-flex-column\" style=\"--awb-bg-size:cover;--awb-width-large:100%;--awb-margin-top-large:0px;--awb-spacing-right-large:1.92%;--awb-margin-bottom-large:20px;--awb-spacing-left-large:1.92%;--awb-width-medium:100%;--awb-order-medium:0;--awb-spacing-right-medium:1.92%;--awb-spacing-left-medium:1.92%;--awb-width-small:100%;--awb-order-small:0;--awb-spacing-right-small:1.92%;--awb-spacing-left-small:1.92%;\"><div class=\"fusion-column-wrapper fusion-column-has-shadow fusion-flex-justify-content-flex-start fusion-content-layout-column\"><div class=\"fusion-text fusion-text-6\"><p><strong>INFORMATIVA BREVE<\/strong><\/p>\n<p>Questo sito utilizza &#8220;cookies tecnici&#8221; al fine di offrire un&#8217;esperienza di navigazione sempre migliore. Non sono utilizzati &#8220;cookie di profilazione&#8221;. Puoi avere maggiori dettagli e indicazioni in relazione ai cookies utilizzati dal presente sito visionando l\u2019informativa estesa <a href=\"https:\/\/www.origin-feed.com\/cookie-policy\">Cookie Policy<\/a>. Per il trattamento dei dati personali in ottemperanza alle disposizioni di cui al GDPR ti invitiamo a visionare l&#8217;informativa dedicata <a href=\"https:\/\/www.origin-feed.com\/privacy-policy\">Privacy Policy<\/a>.<\/p>\n<p>Ho letto e proseguo la navigazione.<\/p>\n<\/div><\/div><\/div><\/div><\/div><\/p>\n","protected":false},"excerpt":{"rendered":"","protected":false},"author":1,"featured_media":0,"parent":0,"menu_order":102,"comment_status":"closed","ping_status":"closed","template":"","meta":{"footnotes":""},"class_list":["post-3319","page","type-page","status-publish","hentry"],"_links":{"self":[{"href":"https:\/\/origin-feed.com\/it\/wp-json\/wp\/v2\/pages\/3319","targetHints":{"allow":["GET"]}}],"collection":[{"href":"https:\/\/origin-feed.com\/it\/wp-json\/wp\/v2\/pages"}],"about":[{"href":"https:\/\/origin-feed.com\/it\/wp-json\/wp\/v2\/types\/page"}],"author":[{"embeddable":true,"href":"https:\/\/origin-feed.com\/it\/wp-json\/wp\/v2\/users\/1"}],"replies":[{"embeddable":true,"href":"https:\/\/origin-feed.com\/it\/wp-json\/wp\/v2\/comments?post=3319"}],"version-history":[{"count":1,"href":"https:\/\/origin-feed.com\/it\/wp-json\/wp\/v2\/pages\/3319\/revisions"}],"predecessor-version":[{"id":3320,"href":"https:\/\/origin-feed.com\/it\/wp-json\/wp\/v2\/pages\/3319\/revisions\/3320"}],"wp:attachment":[{"href":"https:\/\/origin-feed.com\/it\/wp-json\/wp\/v2\/media?parent=3319"}],"curies":[{"name":"wp","href":"https:\/\/api.w.org\/{rel}","templated":true}]}}