{"id":3321,"date":"2024-03-15T21:59:06","date_gmt":"2024-03-15T20:59:06","guid":{"rendered":"https:\/\/origin-feed.com\/it\/?page_id=3321"},"modified":"2024-09-29T10:21:02","modified_gmt":"2024-09-29T08:21:02","slug":"termini-di-servizio","status":"publish","type":"page","link":"https:\/\/origin-feed.com\/it\/termini-di-servizio\/","title":{"rendered":"Termini di servizio"},"content":{"rendered":"<div class=\"fusion-fullwidth fullwidth-box fusion-builder-row-1 fusion-flex-container nonhundred-percent-fullwidth non-hundred-percent-height-scrolling\" style=\"--awb-border-radius-top-left:0px;--awb-border-radius-top-right:0px;--awb-border-radius-bottom-right:0px;--awb-border-radius-bottom-left:0px;--awb-flex-wrap:wrap;\" ><div class=\"fusion-builder-row fusion-row fusion-flex-align-items-flex-start fusion-flex-content-wrap\" style=\"max-width:1372.8px;margin-left: calc(-4% \/ 2 );margin-right: calc(-4% \/ 2 );\"><div class=\"fusion-layout-column fusion_builder_column fusion-builder-column-0 fusion_builder_column_1_1 1_1 fusion-flex-column\" style=\"--awb-bg-size:cover;--awb-width-large:100%;--awb-margin-top-large:0px;--awb-spacing-right-large:1.92%;--awb-margin-bottom-large:20px;--awb-spacing-left-large:1.92%;--awb-width-medium:100%;--awb-order-medium:0;--awb-spacing-right-medium:1.92%;--awb-spacing-left-medium:1.92%;--awb-width-small:100%;--awb-order-small:0;--awb-spacing-right-small:1.92%;--awb-spacing-left-small:1.92%;\"><div class=\"fusion-column-wrapper fusion-column-has-shadow fusion-flex-justify-content-flex-start fusion-content-layout-column\"><div class=\"fusion-text fusion-text-1\"><h2>Termini di Servizio<\/h2>\n<p>Con l&#8217;obiettivo di adeguarci alla nuova normativa europea sulla protezione dei dati personali (GDPR) introdotta il 25 maggio 2018, abbiamo aggiornato la nostra <a href=\"https:\/\/www.origin-feed.com\/it\/cookie-policy\/\"><strong>Cookie Policy<\/strong><\/a>, la nostra <a href=\"https:\/\/www.origin-feed.com\/it\/privacy-policy\/\"><strong>Privacy Policy<\/strong><\/a> e i nostri <a href=\"https:\/\/www.origin-feed.com\/it\/termini-di-servizio\/\"><strong>Termini di Servizio<\/strong><\/a>. Per comunicare quanto crediamo nella positivit\u00e0 di questi cambiamenti e per chiarire come raccogliamo, archiviamo e gestiamo i tuoi dati personali, vogliamo sottolineare che puoi contattarci in qualsiasi momento, all&#8217;indirizzo email indicato nei documenti precedentemente citati.<\/p>\n<h3>Titolare del Sito Internet<\/h3>\n<p>Origin s.r.l | Sede legale e produzione<br \/>\nVia Piana 265, 47032 Bertinoro (FC) \u2013 ITALIA<br \/>\nEmail: info@origin-feed.com<\/p>\n<h4>1. Condizioni d\u2019uso del Sito<\/h4>\n<p>I presenti termini di servizio hanno lo scopo di garantire il miglior uso del sito, nel rispetto dei diritti di tutti, anche nel rispetto della privacy e della propriet\u00e0 intellettuale.<\/p>\n<p>Il sito www.origin-feed.com\/it (il &#8220;Sito&#8221;) ha lo scopo di: promuovere il marchio, i prodotti e i servizi di alfabuseuropasrl.<br \/>\nIl Sito potr\u00e0 essere oggetto di modifiche e aggiornamenti.<br \/>\nL&#8217;utilizzo del Sito implica l&#8217;accettazione da parte dell&#8217;utente delle presenti condizioni d&#8217;uso e il loro impegno a rispettarle.<br \/>\nParti integranti del presente documento sono la nostra <a href=\"https:\/\/www.origin-feed.com\/it\/privacy-policy\/\"><strong>Privacy Policy<\/strong><\/a>\u00a0e la nostra <a href=\"https:\/\/www.origin-feed.com\/it\/cookie-policy\/\"><strong>Cookie Policy<\/strong><\/a>.<br \/>\nSi informano gli utenti che tali condizioni possono essere modificate in qualsiasi momento.<\/p>\n<h4>2. Propriet\u00e0 Intellettuale<\/h4>\n<p>Il contenuto del Sito, compresi, senza limitazione, qualsiasi logo, marchio o foto sul Sito sono protetti in base ai diritti di propriet\u00e0 intellettuale, o di qualsiasi altra disposizione legale applicabile. Sono rispettati i diritti di propriet\u00e0 intellettuale di terze parti, e tutte le disposizioni di legge per tutelare gli interessi di terzi. Tuttavia, se si pensa che il Sito possa violare qualsivoglia proprio diritto, Vi invitiamo a scriverci direttamente presso i contatti summenzionati per procedere alla rimozione del contenuto in questione dopo aver ricevuto notifica scritta del titolare del diritto d&#8217;autore debitamente verificato.<\/p>\n<h4>3. Link a altri siti<\/h4>\n<p>Il Sito contiene collegamenti ad altri siti web. Il Titolare del Sito Internet non ha alcun controllo sugli stessi, n\u00e9 pu\u00f2 controllarne o verificarne il contenuto. Spetta quindi all\u2019utente prendere conoscenza degli impegni di ciascun blog \/ social network \/ sito web \/ altra pagina che visita. In particolare, non abbiamo controllo sulle pratiche dei siti di terze parti per la raccolta, il trattamento dei dati personali e della privacy. Spetta quindi all\u2019utente prendere conoscenza degli impegni del Titolare del Sito Internet sulla privacy, ma anche degli impegni di qualsivoglia blog o social network o sito associato con il sito che contiene tale link, e utilizzare solo i siti di cui si accettano il contenuto e le regole d&#8217;utilizzo.<br \/>\nIl Titolare del Sito Internet declina ogni responsabilit\u00e0 per qualsiasi collegamento ad un altro sito web e che fa riferimento al Sito. Il Sito pu\u00f2 essere associato a tale link e il suo contenuto non specificatamente autorizzato dal Titolare del Sito Internet.<\/p>\n<h4>4. Responsabilit\u00e0<\/h4>\n<p>Il Titolare del Sito Internet svolge un regolare aggiornamento dei suoi contenuti e dei dispositivi in atto sul sito per consentire l&#8217;accesso e l&#8217;uso del Sito nelle migliori condizioni per l&#8217;utente. Tuttavia, il Titolare del Sito Internet non pu\u00f2 garantire la tempestivit\u00e0, accuratezza e completezza dei contenuti sul Web.<br \/>\nL&#8217;utente in questo contesto, \u00e8 pienamente consapevole del fatto che i contenuti presenti nel Sito sono a titolo indicativo.<br \/>\nInoltre, Il Titolare del Sito Internet si riserva il diritto di apportare modifiche al sito in qualsiasi momento lo ritenga opportuno, e non pu\u00f2 dunque garantire all&#8217;utente l\u2019accesso a tutto il Sito in qualsiasi momento, senza interruzione in tempo utile, in sicurezza e senza errori.<br \/>\nSi precisa che i cambiamenti possono essere effettuati sulla natura o portata dei servizi disponibili.<br \/>\nSi precisa che Il Titolare del Sito Internet non potr\u00e0 essere ritenuto responsabile per danni ad un utente causati da azioni di terzi che per mezzo di tecniche sleali abbiano utilizzato le informazioni pubblicate sul sito.<br \/>\nIl Titolare del Sito Internet non pu\u00f2 essere ritenuto responsabile per eventuali danni subiti dall\u2019utente date le caratteristiche della rete e \/ o le configurazioni tecniche.<br \/>\nFatte salve le disposizioni di legge, le presenti condizioni sono soggette al diritto italiano e tutte le controversie concernenti la loro applicazione e interpretazione saranno sottoposte alla cognizione esclusiva del Tribunale di Modena.<\/p>\n<h4>5. Limitazione di responsabilit\u00e0<\/h4>\n<p>Fatte salve le disposizioni inderogabili di legge, Il Titolare del Sito Internet non sar\u00e0 responsabile per qualsiasi danno o lesione conseguenti all&#8217;uso del materiale di cui all&#8217;articolo 1 nonch\u00e9 derivanti da qualsiasi interruzione nella esecuzione del programma, errore, omissione, interruzione, difetto, ritardo nell&#8217;operazione di trasmissione, virus o caduta di linea.<br \/>\nIl Titolare del Sito Internet non sar\u00e0 responsabile inoltre per qualsiasi danno o lesione che risultino dall&#8217;utilizzo o dalla incapacit\u00e0 di utilizzo del materiale incluso nel Sito o che derivino dalla condotta di altri utenti che violino le presenti condizioni.<br \/>\nL\u2019utente che intenda esercitare un diritto, una rivendicazione o un\u2019azione contro un qualsiasi altro utente in merito all\u2019utilizzo dei servizi offerti dal Sito si impegna a evitare qualsivoglia coinvolgimento del Titolare del Sito Internet e dei soggetti dal medesimo incaricati per la gestione del Sito.<br \/>\nIl materiale in questo Sito potrebbe includere imprecisioni tecniche o errori tipografici.<br \/>\nIl Titolare del Sito Internet pu\u00f2 effettuare cambiamenti e miglioramenti in qualsiasi momento.<br \/>\nIl materiale in questo sito \u00e8 messo a disposizione &#8220;cos\u00ec com&#8217;\u00e8&#8221; e senza garanzia alcuna, espressa o implicita, in conformit\u00e0 alla legge applicabile e nei limiti da questa consentiti, il Titolare del Sito Internet non presta alcuna garanzia, incluse quelle di commerciabilit\u00e0 e idoneit\u00e0 a qualsivoglia utilizzo.<br \/>\nIl Titolare del Sito Internet non garantisce che le funzioni contenute nel materiale saranno prive di interruzioni od esenti da errore, o che tali vizi saranno corretti, o che questo sito o il server che lo rende disponibile non siano esenti da virus o da componenti nocivi. Il Titolare del Sito Internet non fornisce dichiarazioni o garanzie in merito all&#8217;utilizzo o ai risultati dell&#8217;utilizzo del materiale in questo sito, per quanto riguarda la loro correttezza, accuratezza o affidabilit\u00e0. le spese di riparazione, revisione o correzione saranno interamente a carico dell&#8217;utente e non del Titolare del Sito Internet. Ove le legislazioni nazionali applicabili al presente accordo, diverse dalla legge applicabile di seguito indicata, vietino l&#8217;esclusione di garanzia, l&#8217;esclusione suddetta non sar\u00e0 applicabile.<\/p>\n<h4>6. Limitazioni all&#8217;uso del materiale<\/h4>\n<p>Il materiale proveniente dal presente Sito e da qualsiasi altro sito del World Wide Web posseduto, operato, in licenza o controllato dal Titolare del Sito Internet non pu\u00f2 essere copiato, distribuito, modificato, ripubblicato, riprodotto, scaricato o trasmesso con qualsiasi mezzo, senza il precedente consenso scritto.<\/p>\n<h4>7. Proposte<\/h4>\n<p>Tutte le osservazioni, suggerimenti, idee, materiali grafici o altra informazione comunicata al Titolare del Sito Internet (di seguito denominati collettivamente &#8220;Informazione&#8221;) diverr\u00e0 propriet\u00e0 della medesima. L\u2019utente rinuncia fin d\u2019ora ad ogni compenso e\/o remunerazione non solo economica ma a qualsivoglia titolo. L&#8217;Informazione non sar\u00e0 soggetta ad alcun obbligo di riservatezza. Il Titolare del Sito Internet sar\u00e0 libero di utilizzare l&#8217;Informazione come meglio ritiene senza che per questo derivi al Titolare del Sito Internet medesima alcun obbligo n\u00e9 alcuna responsabilit\u00e0.<br \/>\nIl mittente prende atto di essere responsabile di qualsiasi materiale inviato; il mittente, e non Il Titolare del Sito Internet, ha la totale responsabilit\u00e0 del messaggio, inclusa la sua legalit\u00e0, attendibilit\u00e0, appropriatezza, originalit\u00e0 e conformit\u00e0 ai diritti di propriet\u00e0.<br \/>\nAi sensi e per gli effetti degli articoli 1341 e 1342 del Codice Civile l&#8217;utente dichiara espressamente di accettare le pattuizioni di cui agli articoli 4. \u201cResponsabilit\u00e0 (foro competente)\u201d; 5. &#8220;Limitazioni di responsabilit\u00e0&#8221;.<\/p>\n<\/div><\/div><\/div><\/div><\/div>\n","protected":false},"excerpt":{"rendered":"","protected":false},"author":1,"featured_media":0,"parent":0,"menu_order":103,"comment_status":"closed","ping_status":"closed","template":"","meta":{"footnotes":""},"class_list":["post-3321","page","type-page","status-publish","hentry"],"_links":{"self":[{"href":"https:\/\/origin-feed.com\/it\/wp-json\/wp\/v2\/pages\/3321","targetHints":{"allow":["GET"]}}],"collection":[{"href":"https:\/\/origin-feed.com\/it\/wp-json\/wp\/v2\/pages"}],"about":[{"href":"https:\/\/origin-feed.com\/it\/wp-json\/wp\/v2\/types\/page"}],"author":[{"embeddable":true,"href":"https:\/\/origin-feed.com\/it\/wp-json\/wp\/v2\/users\/1"}],"replies":[{"embeddable":true,"href":"https:\/\/origin-feed.com\/it\/wp-json\/wp\/v2\/comments?post=3321"}],"version-history":[{"count":4,"href":"https:\/\/origin-feed.com\/it\/wp-json\/wp\/v2\/pages\/3321\/revisions"}],"predecessor-version":[{"id":3422,"href":"https:\/\/origin-feed.com\/it\/wp-json\/wp\/v2\/pages\/3321\/revisions\/3422"}],"wp:attachment":[{"href":"https:\/\/origin-feed.com\/it\/wp-json\/wp\/v2\/media?parent=3321"}],"curies":[{"name":"wp","href":"https:\/\/api.w.org\/{rel}","templated":true}]}}